{"id":14618,"date":"2023-06-08T13:24:24","date_gmt":"2023-06-08T19:24:24","guid":{"rendered":"https:\/\/ulink.com\/terms-and-conditions-mom-sweepstakes\/"},"modified":"2024-09-11T10:26:10","modified_gmt":"2024-09-11T16:26:10","slug":"loyalty-rewards-program-terms","status":"publish","type":"page","link":"https:\/\/ulink.com\/es\/loyalty-rewards-program-terms\/","title":{"rendered":"uLink Loyalty Rewards Program"},"content":{"rendered":"\t\t<div data-elementor-type=\"wp-page\" data-elementor-id=\"14618\" class=\"elementor elementor-14618\" data-elementor-post-type=\"page\">\n\t\t\t\t\t\t<section class=\"elementor-section elementor-top-section elementor-element elementor-element-0027fda elementor-section-boxed elementor-section-height-default elementor-section-height-default\" data-id=\"0027fda\" data-element_type=\"section\" data-e-type=\"section\" data-settings=\"{&quot;jet_parallax_layout_list&quot;:[],&quot;background_background&quot;:&quot;classic&quot;}\">\n\t\t\t\t\t\t<div class=\"elementor-container elementor-column-gap-default\">\n\t\t\t\t\t<div class=\"elementor-column elementor-col-100 elementor-top-column elementor-element elementor-element-e77e541\" data-id=\"e77e541\" data-element_type=\"column\" data-e-type=\"column\">\n\t\t\t<div class=\"elementor-widget-wrap elementor-element-populated\">\n\t\t\t\t\t\t<div class=\"elementor-element elementor-element-d53b526 elementor-widget elementor-widget-heading\" data-id=\"d53b526\" data-element_type=\"widget\" data-e-type=\"widget\" data-widget_type=\"heading.default\">\n\t\t\t\t<div class=\"elementor-widget-container\">\n\t\t\t\t\t<h2 class=\"elementor-heading-title elementor-size-default\">uLink Loyalty Rewards Program\n<\/h2>\t\t\t\t<\/div>\n\t\t\t\t<\/div>\n\t\t\t\t<div class=\"elementor-element elementor-element-0a0e5c7 elementor-widget elementor-widget-heading\" data-id=\"0a0e5c7\" data-element_type=\"widget\" data-e-type=\"widget\" data-widget_type=\"heading.default\">\n\t\t\t\t<div class=\"elementor-widget-container\">\n\t\t\t\t\t<p class=\"elementor-heading-title elementor-size-default\">T\u00e9rminos y Condiciones<\/p>\t\t\t\t<\/div>\n\t\t\t\t<\/div>\n\t\t\t\t<div class=\"elementor-element elementor-element-fd54424 elementor-widget-divider--view-line elementor-widget elementor-widget-divider\" data-id=\"fd54424\" data-element_type=\"widget\" data-e-type=\"widget\" data-widget_type=\"divider.default\">\n\t\t\t\t<div class=\"elementor-widget-container\">\n\t\t\t\t\t\t\t<div class=\"elementor-divider\">\n\t\t\t<span class=\"elementor-divider-separator\">\n\t\t\t\t\t\t<\/span>\n\t\t<\/div>\n\t\t\t\t\t\t<\/div>\n\t\t\t\t<\/div>\n\t\t\t\t<div class=\"elementor-element elementor-element-ad42e4b elementor-widget__width-initial elementor-widget elementor-widget-text-editor\" data-id=\"ad42e4b\" data-element_type=\"widget\" data-e-type=\"widget\" data-widget_type=\"text-editor.default\">\n\t\t\t\t<div class=\"elementor-widget-container\">\n\t\t\t\t\t\t\t\t\t<p>Al participar en el Programa de Recompensas de Lealtad de uLink, aceptas estos t\u00e9rminos y condiciones.<\/p>\n<h3>C\u00f3mo Funciona<\/h3>\n<p>El Programa de Recompensas de Lealtad de uLink te permite ganar estrellas con cada transferencia: env\u00edo de dinero, pagos de servicios, recargas telef\u00f3nicas, y m\u00e1s. Las transacciones de billetera a billetera, las transacciones de recargo de dinero a billeteras y las transacciones de retiro de dinero de billetera no califican para ganar estrellas.<\/p>\n<p><br>El programa se basa en un l\u00edmite de 100 estrellas. Por cada $100 USD (cien) que env\u00edes, ganas 1 (una) estrella. Una vez que alcances 100 (cien) estrellas, podr\u00e1s canjearlas por $5 USD (cinco), que estar\u00e1n disponibles para su uso directamente en tu billetera electr\u00f3nica uLink.<\/p>\n<p><b><br>100 estrellas = $5 USD<\/b><\/p>\n<p><b>200 estrellas = $10 USD<\/b><\/p>\n<p><b>300 estrellas = $15 USD<\/b><\/p>\n<p>y m\u00e1s\u2026<\/p>\n<p><br>Ganar una estrella de recompensa est\u00e1 condicionado a alcanzar el l\u00edmite m\u00ednimo de transacci\u00f3n de $100 USD (cien).<\/p>\n<p>Por ejemplo:<\/p>\n<p><br>Si env\u00edas $175 USD, ganar\u00e1s 1 estrella y acumular\u00e1s un saldo de $75 hasta que env\u00edes otros $25. Al enviar otros $25, la segunda estrella estar\u00e1 disponible en tu actividad de recompensas de estrellas.<\/p>\n<p><br>Las tarifas de transacci\u00f3n no sumar\u00e1n estrellas.<\/p>\n<h3>C\u00f3mo Canjear<\/h3>\n<p>Una vez que alcances un m\u00ednimo de 100 estrellas, podr\u00e1s canjearlas por $5 USD, que se depositar\u00e1n directamente en tu billetera electr\u00f3nica de uLink.<\/p>\n<p><br>El Programa de Recompensas de Lealtad uLink es v\u00e1lido desde 08\/20\/2024. Las estrellas no pueden transferirse a otro cliente. Las estrellas se acumulan y no caducan.<\/p>\n<p><br>Si t\u00fa o uLink cancelan la transacci\u00f3n, las estrellas tambi\u00e9n ser\u00e1n canceladas. uLink se reserva el derecho de anular cualquier canjeo de estrellas que parezca ser fraudulento, as\u00ed como de anular cualquier canjeo de estrellas resultante de una transacci\u00f3n fraudulenta de uLink o cualquier transacci\u00f3n que no cumpla con el Acuerdo del Usuario de uLink, disponible en <a href=\"https:\/\/ulink.com\">https:\/\/ulink.com<\/a>.<\/p>\n<p><br>uLink se reserva el derecho, en cualquier momento y sin previo aviso, de agregar, modificar o terminar cualquier y\/o todos los t\u00e9rminos del Acuerdo del Programa de Recompensas de Lealtad de uLink o reemplazarlo, total o parcialmente, con otra oferta sin responsabilidad para uLink.<\/p>\n<p><br>No puedes (y no eres elegible para) participar en el Programa de Recompensas de Lealtad de uLink si eres empleado de uLink o afiliado, o trabajas para cualquier otra empresa de env\u00edo de dinero con licencia, o si hacerlo estuviera prohibido por alguna ley, estatuto o regulaci\u00f3n aplicable. Toda la informaci\u00f3n recopilada de ti como parte del Programa de Recompensas de Lealtad de uLink estar\u00e1 sujeta a la Pol\u00edtica de Privacidad de uLink, disponible en <a href=\"https:\/\/ulink.com\">https:\/\/ulink.com<\/a>.<\/p>\n<p><br>El Programa de Recompensas de Lealtad uLink no puede ser utilizado con fines comerciales, seg\u00fan determine uLink a su exclusivo criterio.<\/p>\n<p>EN NING\u00daN CASO, ULINK SER\u00c1 RESPONSABLE ANTE TI O CUALQUIER TERCERO POR DA\u00d1OS DE NING\u00daN TIPO DERIVADOS DE TU PARTICIPACI\u00d3N EN EL PROGRAMA DE RECOMPENSAS DE LEALTAD DE ULINK, INCLUYENDO, PERO NO LIMITADO A, DA\u00d1OS ESPECIALES, INDIRECTOS, INCIDENTALES, PUNITIVOS Y\/O CONSECUENTES, AUNQUE ULINK HAYA SIDO ADVERTIDO DE LA POSIBILIDAD DE TALES DA\u00d1OS. EL ACUERDO DEL USUARIO DE ULINK, INCLUYENDO LAS SECCIONES SOBRE LIMITACI\u00d3N DE RESPONSABILIDAD Y RESOLUCI\u00d3N DE DISPUTAS\/LEY APLICABLE, EST\u00c1 EXPRESAMENTE INCORPORADO AQU\u00cd POR REFERENCIA.<\/p>\n<p><br>TODAS LAS GARANT\u00cdAS, EXPRESAS O IMPL\u00cdCITAS, SON RENUNCIADAS (INCLUYENDO, SIN LIMITACI\u00d3N, LA RENUNCIA DE CUALQUIER GARANT\u00cdA DE COMERCIABILIDAD, NO INFRACCI\u00d3N DE PROPIEDAD INTELECTUAL Y\/O ADECUACI\u00d3N PARA UN PROP\u00d3SITO PARTICULAR). ULINK NO HACE REPRESENTACI\u00d3N O GARANT\u00cdA ALGUNA CON RESPECTO A LOS RESULTADOS OBTENIDOS A TRAV\u00c9S DEL PROGRAMA DE RECOMPENSAS DE LEALTAD DE ULINK.<\/p>\n<p><br>El Programa de Recompensas de Lealtad de uLink est\u00e1 sujeto a eventos de fuerza mayor.<\/p>\n<p><br>El Programa de Recompensas de Lealtad uLink no tiene valor en efectivo y no puede combinarse con ninguna otra oferta. uLink es la autoridad final en el Programa y en la interpretaci\u00f3n de este Acuerdo del Programa.<\/p>\n<p><br>Cualquier disputa o reclamaci\u00f3n se resolver\u00e1 mediante arbitraje vinculante, en lugar de en un tribunal, excepto que puedes presentar reclamaciones en un tribunal de reclamaciones menores si tus reclamaciones cumplen con los requisitos. La Ley Federal de Arbitraje y la ley federal de arbitraje se aplican a este acuerdo.<\/p>\n<p><br>No hay un juez o jurado en el arbitraje, y la revisi\u00f3n judicial de un laudo arbitral es limitada. Sin embargo, un \u00e1rbitro puede otorgar de manera individual los mismos da\u00f1os y remedios que un tribunal (incluyendo medidas cautelares y declaratorias o da\u00f1os estatutarios) y debe seguir los T\u00e9rminos de estas Condiciones de Uso como lo har\u00eda un tribunal.<\/p>\n<p><br>Al participar en este programa, aceptas que la Ley Federal de Arbitraje, la ley federal aplicable y las leyes del estado de Nueva Jersey, sin tener en cuenta los principios de conflicto de leyes, regir\u00e1n estos T\u00e9rminos y Condiciones y cualquier disputa de cualquier tipo que pueda surgir entre t\u00fa y uLink.<\/p>\t\t\t\t\t\t\t\t<\/div>\n\t\t\t\t<\/div>\n\t\t\t\t\t<\/div>\n\t\t<\/div>\n\t\t\t\t\t<\/div>\n\t\t<\/section>\n\t\t\t\t<\/div>\n\t\t","protected":false},"excerpt":{"rendered":"<p>uLink Loyalty Rewards Program T\u00e9rminos y Condiciones Al participar en el Programa de Recompensas de Lealtad de uLink, aceptas estos t\u00e9rminos y condiciones. C\u00f3mo Funciona El Programa de Recompensas de&#8230;<\/p>\n","protected":false},"author":1,"featured_media":0,"parent":0,"menu_order":0,"comment_status":"closed","ping_status":"closed","template":"elementor_header_footer","meta":{"om_disable_all_campaigns":false,"_monsterinsights_skip_tracking":false,"_monsterinsights_sitenote_active":false,"_monsterinsights_sitenote_note":"","_monsterinsights_sitenote_category":0,"footnotes":""},"class_list":["post-14618","page","type-page","status-publish"],"aioseo_notices":[],"_links":{"self":[{"href":"https:\/\/ulink.com\/es\/wp-json\/wp\/v2\/pages\/14618","targetHints":{"allow":["GET"]}}],"collection":[{"href":"https:\/\/ulink.com\/es\/wp-json\/wp\/v2\/pages"}],"about":[{"href":"https:\/\/ulink.com\/es\/wp-json\/wp\/v2\/types\/page"}],"author":[{"embeddable":true,"href":"https:\/\/ulink.com\/es\/wp-json\/wp\/v2\/users\/1"}],"replies":[{"embeddable":true,"href":"https:\/\/ulink.com\/es\/wp-json\/wp\/v2\/comments?post=14618"}],"version-history":[{"count":0,"href":"https:\/\/ulink.com\/es\/wp-json\/wp\/v2\/pages\/14618\/revisions"}],"wp:attachment":[{"href":"https:\/\/ulink.com\/es\/wp-json\/wp\/v2\/media?parent=14618"}],"curies":[{"name":"wp","href":"https:\/\/api.w.org\/{rel}","templated":true}]}}