{"id":15041,"date":"2023-09-06T19:19:26","date_gmt":"2023-09-07T01:19:26","guid":{"rendered":"https:\/\/ulink.com\/loyalty-rewards-program\/"},"modified":"2026-01-23T10:19:50","modified_gmt":"2026-01-23T16:19:50","slug":"loyalty-rewards-program","status":"publish","type":"page","link":"https:\/\/ulink.com\/es\/loyalty-rewards-program\/","title":{"rendered":"Loyalty Rewards Program"},"content":{"rendered":"<style>div.ewd-ufaq-faq-category-title h3 { font-family: Lexend !important; }div.ewd-ufaq-faq-category-title h3 { font-size: 42px !important; }div.ewd-ufaq-faq-category-title h3 { color: #12497c !important; }div.ewd-ufaq-faq-categories, div.ewd-ufaq-faq-tags { font-size: 42px !important; }div.ewd-ufaq-faq-categories, div.ewd-ufaq-faq-tags { color: #12497c !important; }.ewd-ufaq-faq-div {\r\n    margin: 10px 0;\r\n    padding: 4px 0;\r\n    clear: both;\r\n    border-radius: 32px;\r\n    background-color: #FFF;\r\n}\r\n\r\n.ewd-ufaq-faq-title .ewd-ufaq-post-margin-symbol span {\r\n    display: inline-block;\r\n    font-size: 13px;\r\n    margin: 0 auto;\r\n}\r\n\r\ndiv.ewd-ufaq-faq-title div.ewd-ufaq-post-margin-symbol {\r\n    text-decoration: none;\r\n    float: left;\r\n    text-align: center;\r\n    width: auto;\r\n    height: auto;\r\n    margin-right: 17px;\r\n    padding: 12px 0px 0px 15px;\r\n    line-height: 1;\r\n    border-style: solid;\r\n    border-width: 0;\r\n}\r\n\r\nh3 {\r\nfont-family: Lexend!important;\r\nfont-weight: 500;\r\n}\r\n\r\nh4 {\r\nfont-family:Lexend!important;\r\n}\r\n\r\n.ewd-ufaq-faq-title h4 {\r\n    font-size: 18px!important;\r\n    font-weight: 400!important;\r\n}\r\n\r\n.ewd-ufaq-faq-body {\r\n    font-size: 15px!important;\r\n    font-weight: 300;\r\n}\r\n\r\n.videoFaqs{\r\n max-width: 300px;\r\n    width: 300px;\r\n}<\/style><div  class=\"ewd-ufaq-faq-list ewd-ufaq-page-type-distinct ewd-ufaq-category-tabs-\" id='ewd-ufaq-faq-list'>\n\n\t<input type='hidden' name='show_on_load' value='' id='ewd-ufaq-show-on-load' \/>\n<input type='hidden' name='include_category' value='' id='ewd-ufaq-include-category' \/>\n<input type='hidden' name='exclude_category' value='' id='ewd-ufaq-exclude-category' \/>\n<input type='hidden' name='orderby' value='date' id='ewd-ufaq-orderby' \/>\n<input type='hidden' name='order' value='asc' id='ewd-ufaq-order' \/>\n<input type='hidden' name='post_count' value='-1' id='ewd-ufaq-post-count' \/>\n<input type='hidden' name='current_url' value='\/es\/wp-json\/wp\/v2\/pages\/15041' id='ewd-ufaq-current-url' \/>\n\t\n\t\n\t<div class='ewd-ufaq-faqs'>\n\n\t\t<div  class=\"ewd-ufaq-faq-div ewd-ufaq-faq-column-count-one ewd-ufaq-faq-responsive-columns- ewd-ufaq-faq-display-style-default ewd-ufaq-can-be-toggled\" id='ewd-ufaq-post-33607-B8s0IcDoss' data-post_id='33607'>\n\n\t\t\n\t<div class='ewd-ufaq-faq-title ewd-ufaq-faq-toggle'>\n\t\n\t<a class='ewd-ufaq-post-margin'  href='#' role=\"button\">\n\n\t\t<div class='ewd-ufaq-post-margin-symbol ewd-ufaq-'>\n\t\t\t<span >A<\/span>\n\t\t<\/div>\n\n\t\t<div class='ewd-ufaq-faq-title-text'>\n\n\t\t\t<h4>\n\t\t\t\t\u00bfC\u00f3mo canjeo mis estrellas por cashback?\t\t\t<\/h4>\n\n\t\t<\/div>\n\n\t\t<div class='ewd-ufaq-clear'><\/div>\n\n\t<\/a>\n\t\n<\/div>\n\t\n\t<div class='ewd-ufaq-faq-body' >\n\n\t\t\n\t\t\t\n\t\t\n\t\t\t<div class='ewd-ufaq-post-margin ewd-ufaq-faq-post'>\n\t<ul class=\"wp-block-list\">\n<li>Inicia sesi\u00f3n en la <strong>uLink Money Transfer SuperApp<\/strong>.<\/li>\n<li>Toca el \u00edcono de <strong>\u201cRecompensas\u201d<\/strong> en el panel principal de uLink.<\/li>\n<li>Selecciona <strong>\u201cCanjear ahora\u201d<\/strong> para convertir tus estrellas en <strong>cashback<\/strong> en tu billetera uLink.<\/li>\n<\/ul>\n<\/div>\n\t\t\n\t\t\t\n\t\t\n\t\t\t\n\t\t\n\t\t\t\n\t\t\n\t\t\t\n\t\t\n\t\t\t\n\t\t\n\t\t\t\n\t\t\n\t\t\t\n\t\t\n\t\t\t\n\t\t\n\t<\/div>\n\n<\/div>\n\t<\/div>\n\n\t\n<\/div>","protected":false},"excerpt":{"rendered":"<p>A \u00bfC\u00f3mo canjeo mis estrellas por cashback? Inicia sesi\u00f3n en la uLink Money Transfer SuperApp. Toca el \u00edcono de \u201cRecompensas\u201d en el panel principal de uLink. Selecciona \u201cCanjear ahora\u201d para&#8230;<\/p>\n","protected":false},"author":1,"featured_media":15489,"parent":0,"menu_order":0,"comment_status":"closed","ping_status":"closed","template":"elementor_header_footer","meta":{"om_disable_all_campaigns":false,"_monsterinsights_skip_tracking":false,"_monsterinsights_sitenote_active":false,"_monsterinsights_sitenote_note":"","_monsterinsights_sitenote_category":0,"footnotes":""},"class_list":["post-15041","page","type-page","status-publish","has-post-thumbnail"],"aioseo_notices":[],"_links":{"self":[{"href":"https:\/\/ulink.com\/es\/wp-json\/wp\/v2\/pages\/15041","targetHints":{"allow":["GET"]}}],"collection":[{"href":"https:\/\/ulink.com\/es\/wp-json\/wp\/v2\/pages"}],"about":[{"href":"https:\/\/ulink.com\/es\/wp-json\/wp\/v2\/types\/page"}],"author":[{"embeddable":true,"href":"https:\/\/ulink.com\/es\/wp-json\/wp\/v2\/users\/1"}],"replies":[{"embeddable":true,"href":"https:\/\/ulink.com\/es\/wp-json\/wp\/v2\/comments?post=15041"}],"version-history":[{"count":0,"href":"https:\/\/ulink.com\/es\/wp-json\/wp\/v2\/pages\/15041\/revisions"}],"wp:featuredmedia":[{"embeddable":true,"href":"https:\/\/ulink.com\/es\/wp-json\/wp\/v2\/media\/15489"}],"wp:attachment":[{"href":"https:\/\/ulink.com\/es\/wp-json\/wp\/v2\/media?parent=15041"}],"curies":[{"name":"wp","href":"https:\/\/api.w.org\/{rel}","templated":true}]}}