{"id":2999,"date":"2022-02-01T13:35:35","date_gmt":"2022-02-01T19:35:35","guid":{"rendered":"https:\/\/ulink.com\/terms-fx\/"},"modified":"2022-12-18T14:17:13","modified_gmt":"2022-12-18T20:17:13","slug":"terms-fx","status":"publish","type":"page","link":"https:\/\/ulink.com\/es\/terms-fx\/","title":{"rendered":"Terms FX"},"content":{"rendered":"\t\t<div data-elementor-type=\"wp-page\" data-elementor-id=\"2999\" class=\"elementor elementor-2999 elementor-275\" data-elementor-post-type=\"page\">\n\t\t\t\t\t\t<section class=\"elementor-section elementor-top-section elementor-element elementor-element-d10fbfa elementor-section-boxed elementor-section-height-default elementor-section-height-default\" data-id=\"d10fbfa\" data-element_type=\"section\" data-e-type=\"section\" data-settings=\"{&quot;jet_parallax_layout_list&quot;:[],&quot;background_background&quot;:&quot;classic&quot;}\">\n\t\t\t\t\t\t<div class=\"elementor-container elementor-column-gap-default\">\n\t\t\t\t\t<div class=\"elementor-column elementor-col-100 elementor-top-column elementor-element elementor-element-3d0778c\" data-id=\"3d0778c\" data-element_type=\"column\" data-e-type=\"column\">\n\t\t\t<div class=\"elementor-widget-wrap elementor-element-populated\">\n\t\t\t\t\t\t<div class=\"elementor-element elementor-element-74987f3 elementor-widget elementor-widget-heading\" data-id=\"74987f3\" data-element_type=\"widget\" data-e-type=\"widget\" data-widget_type=\"heading.default\">\n\t\t\t\t<div class=\"elementor-widget-container\">\n\t\t\t\t\t<h2 class=\"elementor-heading-title elementor-size-default\">PROMOCI\u00d3N FX PARA NUEVOS CLIENTES<\/h2>\t\t\t\t<\/div>\n\t\t\t\t<\/div>\n\t\t\t\t<div class=\"elementor-element elementor-element-49537a0 elementor-widget elementor-widget-heading\" data-id=\"49537a0\" data-element_type=\"widget\" data-e-type=\"widget\" data-widget_type=\"heading.default\">\n\t\t\t\t<div class=\"elementor-widget-container\">\n\t\t\t\t\t<p class=\"elementor-heading-title elementor-size-default\">T\u00e9rminos y Condiciones<\/p>\t\t\t\t<\/div>\n\t\t\t\t<\/div>\n\t\t\t\t<div class=\"elementor-element elementor-element-2f35922 elementor-widget-divider--view-line elementor-widget elementor-widget-divider\" data-id=\"2f35922\" data-element_type=\"widget\" data-e-type=\"widget\" data-widget_type=\"divider.default\">\n\t\t\t\t<div class=\"elementor-widget-container\">\n\t\t\t\t\t\t\t<div class=\"elementor-divider\">\n\t\t\t<span class=\"elementor-divider-separator\">\n\t\t\t\t\t\t<\/span>\n\t\t<\/div>\n\t\t\t\t\t\t<\/div>\n\t\t\t\t<\/div>\n\t\t\t\t<div class=\"elementor-element elementor-element-72b8162 elementor-widget elementor-widget-text-editor\" data-id=\"72b8162\" data-element_type=\"widget\" data-e-type=\"widget\" data-widget_type=\"text-editor.default\">\n\t\t\t\t<div class=\"elementor-widget-container\">\n\t\t\t\t\t\t\t\t\t<p>Al participar en esta promoci\u00f3n, usted acepta estos t\u00e9rminos y condiciones.<\/p>\n<h3><b>Descripci\u00f3n de la Promoci\u00f3n<\/b><\/h3>\n<p>El \u201cper\u00edodo de esta promoci\u00f3n\u201d comienza el 04\/11\/2020 a la 1:00 pm hora est\u00e1ndar del este y continuar\u00e1 funcionando hasta que UniTeller lo determine. El servidor de UniTeller es el reloj oficial de la promoci\u00f3n. Para ser elegible para la promoci\u00f3n del Tipo de Cambio Especial (\u201cPromoci\u00f3n\u201d), debe registrarse en uLink y completar con \u00e9xito su primera transferencia de dinero o transacci\u00f3n de pago de servicios a M\u00e9xico, Rep\u00fablica Dominicana, Guatemala, India o Filipinas. La Promoci\u00f3n dar\u00e1 derecho a los clientes elegibles a: realizar una (1) transferencia de hasta $ 500.00 (el \u201cL\u00edmite de la promoci\u00f3n\u201d) al tipo de cambio especial publicado en www.ulinkremit.com en el momento en que se realiza la transacci\u00f3n. El Tipo de Cambio Especial se aplica solo a los primeros $500 USD de su primera transferencia. El Tipo de Cambio Diario Est\u00e1ndar se aplicar\u00eda al resto de su transferencia que exceda los $500 USD. La Promoci\u00f3n est\u00e1 disponible solo para clientes nuevos y est\u00e1 limitada a una (1) por persona. Los clientes existentes no son elegibles para esta promoci\u00f3n.<\/p>\n<p>UniTeller se reserva el derecho de limitar el n\u00famero de personas por hogar elegibles para esta Promoci\u00f3n. Cualquier intento por parte de un cliente de abusar de esta Promoci\u00f3n mediante el uso de m\u00faltiples\/diferentes identidades, registros, inicios de sesi\u00f3n y\/o cualquier otro m\u00e9todo, anular\u00e1 y descalificar\u00e1 al cliente de recibir la Promoci\u00f3n a discreci\u00f3n exclusiva de UniTeller. UniTeller aplicar\u00e1 el Tipo de Cambio Especial directamente a su transferencia que califique y no se puede utilizar en transferencias posteriores. El Tipo de Cambio est\u00e1 sujeto a cambios diarios. La Promoci\u00f3n ser\u00e1 v\u00e1lida para las transferencias calificadas enviadas durante el Per\u00edodo de la Promoci\u00f3n y debe completarse con \u00e9xito para ser elegible para El Tipo de Cambio Especial.<\/p>\n<p>No puede (y no es elegible para) participar en la Promoci\u00f3n si es un empleado de uLink o un afiliado o cualquier otra empresa de remesas autorizada o cuando hacerlo estar\u00eda prohibido por cualquier ley, estatuto o reglamento aplicable o toda la informaci\u00f3n recopilada de usted como parte de la promoci\u00f3n estar\u00e1 sujeta a la Pol\u00edtica de privacidad de uLink, que se encuentra en la Pol\u00edtica de privacidad de UniTeller.<\/p>\n<p>La oferta no se puede utilizar para ning\u00fan prop\u00f3sito comercial, seg\u00fan lo determine uLink a su exclusivo criterio. La resoluci\u00f3n de todas las preguntas o disputas relacionadas con la elegibilidad para la Promoci\u00f3n o su cumplimiento de los t\u00e9rminos y condiciones de este Acuerdo de Promoci\u00f3n es responsabilidad de uLink.<\/p>\n<p>EN NING\u00daN CASO ULINK SER\u00c1 RESPONSABLE ANTE USTED O CUALQUIER TERCERO POR CUALQUIER DA\u00d1O DE CUALQUIER TIPO QUE SURJA DE SU PARTICIPACI\u00d3N EN ESTA PROMOCI\u00d3N, INCLUYENDO, PERO NO LIMITADO A DA\u00d1OS ESPECIALES, INDIRECTOS, INCIDENTALES, PUNITIVOS Y\/O CONSECUENTES, AUNQUE ULINK HAYA INFORMADO DE LA POSIBILIDAD DE TALES DA\u00d1OS. EL ACUERDO DE USUARIO DE ULINK, INCLUYENDO LAS SECCIONES SOBRE LIMITACI\u00d3N DE RESPONSABILIDAD Y RESOLUCI\u00d3N DE CONTROVERSIAS\/LEY APLICABLE, SE INCORPORAN EXPRESAMENTE AQU\u00cd POR REFERENCIA.<\/p>\n<p>EN NING\u00daN CASO ULINK SER\u00c1 RESPONSABLE ANTE USTED O CUALQUIER TERCERO POR CUALQUIER DA\u00d1O DE NING\u00daN TIPO QUE SURJA DE ESTA PROMOCI\u00d3N. TODAS LAS GARANT\u00cdAS, EXPRESAS E IMPL\u00cdCITAS, SE EXCLUYEN (INCLUYENDO, SIN LIMITACI\u00d3N, LA RENUNCIA DE CUALQUIER GARANT\u00cdA DE COMERCIABILIDAD, NO INFRACCI\u00d3N DE LA PROPIEDAD INTELECTUAL Y \/ O APTITUD PARA UN PROP\u00d3SITO PARTICULAR). ULINK NO HACE REPRESENTACI\u00d3N NI GARANT\u00cdA CON RESPECTO A LOS RESULTADOS OBTENIDOS A TRAV\u00c9S DE LA PROMOCI\u00d3N.<\/p>\n<p>La Promoci\u00f3n est\u00e1 sujeta a acontecimientos de fuerza mayor.<\/p>\n<p>La financiaci\u00f3n insuficiente de su transferencia lo har\u00e1 inelegible para la Promoci\u00f3n. La Promoci\u00f3n no ser\u00e1 v\u00e1lida para ninguna transacci\u00f3n que califique y que sea cancelada por usted o por UniTeller.<br \/>\nEsta es una oferta de tiempo limitado. UniTeller se reserva el derecho de cancelar la Promoci\u00f3n en cualquier momento, con o sin previo aviso. Cualquier transferencia calificada ser\u00e1 aceptada si se inicia antes de la cancelaci\u00f3n de la Promoci\u00f3n. UniTeller se reserva el derecho de anular la Promoci\u00f3n, o transferencias individuales, si las transferencias parecen ser fraudulentas o no cumplen con el Acuerdo de usuario de UniTeller. UniTeller se reserva el derecho de descalificar las transferencias que, en su opini\u00f3n, tengan la intenci\u00f3n de eludir las reglas de la Promoci\u00f3n o se consideren abusivas.<\/p>\n<p>La Promoci\u00f3n no tiene valor en efectivo y no se puede combinar con ninguna otra oferta. uLink es la autoridad final sobre la Promoci\u00f3n y la interpretaci\u00f3n de este Acuerdo de Promoci\u00f3n.<br \/>\nCualquier disputa o reclamo relacionado con esta Promoci\u00f3n se resolver\u00e1 mediante arbitraje vinculante, en lugar de en un tribunal, excepto que puede presentar reclamos en un tribunal de reclamos menores si sus reclamos califican. La Ley Federal de Arbitraje y la ley federal de arbitraje se aplican a este acuerdo.<\/p>\n<p>No hay juez ni jurado en el arbitraje y la revisi\u00f3n judicial de un laudo arbitral es limitada. Sin embargo, un \u00e1rbitro puede otorgar de forma individual los mismos da\u00f1os y reparaciones que un tribunal (incluidas medidas cautelares y declarativas o da\u00f1os legales) y debe seguir los t\u00e9rminos de estas Condiciones de uso como lo har\u00eda un tribunal.<\/p>\n<p>Al participar en esta Promoci\u00f3n, acepta que la Ley Federal de Arbitraje, la ley federal aplicable y las leyes del estado de Nueva Jersey, sin tener en cuenta los principios de conflicto de leyes, regir\u00e1n estos T\u00e9rminos y condiciones y cualquier disputa de cualquier tipo que podr\u00eda surgir entre usted y uLink.<\/p>\n\t\t\t\t\t\t\t\t<\/div>\n\t\t\t\t<\/div>\n\t\t\t\t\t<\/div>\n\t\t<\/div>\n\t\t\t\t\t<\/div>\n\t\t<\/section>\n\t\t\t\t<\/div>\n\t\t","protected":false},"excerpt":{"rendered":"<p>PROMOCI\u00d3N FX PARA NUEVOS CLIENTES T\u00e9rminos y Condiciones<\/p>\n","protected":false},"author":1,"featured_media":0,"parent":0,"menu_order":0,"comment_status":"closed","ping_status":"closed","template":"elementor_header_footer","meta":{"om_disable_all_campaigns":false,"_monsterinsights_skip_tracking":false,"_monsterinsights_sitenote_active":false,"_monsterinsights_sitenote_note":"","_monsterinsights_sitenote_category":0,"footnotes":""},"class_list":["post-2999","page","type-page","status-publish"],"aioseo_notices":[],"_links":{"self":[{"href":"https:\/\/ulink.com\/es\/wp-json\/wp\/v2\/pages\/2999","targetHints":{"allow":["GET"]}}],"collection":[{"href":"https:\/\/ulink.com\/es\/wp-json\/wp\/v2\/pages"}],"about":[{"href":"https:\/\/ulink.com\/es\/wp-json\/wp\/v2\/types\/page"}],"author":[{"embeddable":true,"href":"https:\/\/ulink.com\/es\/wp-json\/wp\/v2\/users\/1"}],"replies":[{"embeddable":true,"href":"https:\/\/ulink.com\/es\/wp-json\/wp\/v2\/comments?post=2999"}],"version-history":[{"count":0,"href":"https:\/\/ulink.com\/es\/wp-json\/wp\/v2\/pages\/2999\/revisions"}],"wp:attachment":[{"href":"https:\/\/ulink.com\/es\/wp-json\/wp\/v2\/media?parent=2999"}],"curies":[{"name":"wp","href":"https:\/\/api.w.org\/{rel}","templated":true}]}}