{"id":3000,"date":"2022-03-04T02:49:33","date_gmt":"2022-03-04T08:49:33","guid":{"rendered":"https:\/\/ulink.com\/terms-and-conditions-30-promo\/"},"modified":"2025-11-19T11:10:35","modified_gmt":"2025-11-19T17:10:35","slug":"terms-and-conditions-30promo","status":"publish","type":"page","link":"https:\/\/ulink.com\/es\/terms-and-conditions-30promo\/","title":{"rendered":"T\u00e9rminos y Condiciones PROMOCI\u00d3N $30"},"content":{"rendered":"\t\t<div data-elementor-type=\"wp-page\" data-elementor-id=\"3000\" class=\"elementor elementor-3000 elementor-273\" data-elementor-post-type=\"page\">\n\t\t\t\t\t\t<section class=\"elementor-section elementor-top-section elementor-element elementor-element-b9a3386 elementor-section-boxed elementor-section-height-default elementor-section-height-default\" data-id=\"b9a3386\" data-element_type=\"section\" data-e-type=\"section\" data-settings=\"{&quot;jet_parallax_layout_list&quot;:[],&quot;background_background&quot;:&quot;classic&quot;}\">\n\t\t\t\t\t\t<div class=\"elementor-container elementor-column-gap-default\">\n\t\t\t\t\t<div class=\"elementor-column elementor-col-100 elementor-top-column elementor-element elementor-element-5093890\" data-id=\"5093890\" data-element_type=\"column\" data-e-type=\"column\">\n\t\t\t<div class=\"elementor-widget-wrap elementor-element-populated\">\n\t\t\t\t\t\t<div class=\"elementor-element elementor-element-6df0b0f elementor-widget elementor-widget-heading\" data-id=\"6df0b0f\" data-element_type=\"widget\" data-e-type=\"widget\" data-widget_type=\"heading.default\">\n\t\t\t\t<div class=\"elementor-widget-container\">\n\t\t\t\t\t<h2 class=\"elementor-heading-title elementor-size-default\">PROMOCI\u00d3N DE $30<\/h2>\t\t\t\t<\/div>\n\t\t\t\t<\/div>\n\t\t\t\t<div class=\"elementor-element elementor-element-5b4fe36 elementor-widget elementor-widget-heading\" data-id=\"5b4fe36\" data-element_type=\"widget\" data-e-type=\"widget\" data-widget_type=\"heading.default\">\n\t\t\t\t<div class=\"elementor-widget-container\">\n\t\t\t\t\t<p class=\"elementor-heading-title elementor-size-default\">T\u00e9rminos y Condiciones<\/p>\t\t\t\t<\/div>\n\t\t\t\t<\/div>\n\t\t\t\t<div class=\"elementor-element elementor-element-5836244 elementor-widget-divider--view-line elementor-widget elementor-widget-divider\" data-id=\"5836244\" data-element_type=\"widget\" data-e-type=\"widget\" data-widget_type=\"divider.default\">\n\t\t\t\t<div class=\"elementor-widget-container\">\n\t\t\t\t\t\t\t<div class=\"elementor-divider\">\n\t\t\t<span class=\"elementor-divider-separator\">\n\t\t\t\t\t\t<\/span>\n\t\t<\/div>\n\t\t\t\t\t\t<\/div>\n\t\t\t\t<\/div>\n\t\t\t\t<div class=\"elementor-element elementor-element-54557d7 elementor-widget elementor-widget-text-editor\" data-id=\"54557d7\" data-element_type=\"widget\" data-e-type=\"widget\" data-widget_type=\"text-editor.default\">\n\t\t\t\t<div class=\"elementor-widget-container\">\n\t\t\t\t\t\t\t\t\t<p>Al participar en esta promoci\u00f3n, usted acepta estos t\u00e9rminos y condiciones.<\/p>\n<h3>Descripci\u00f3n de la Promoci\u00f3n<\/h3>\n<p>Reciba una liga electr\u00f3nica de $10 USD despu\u00e9s de realizar con \u00e9xito su primer (1) env\u00edo de dinero\/pago de servicio\/recarga telef\u00f3nica de $100 USD o m\u00e1s, otra liga electr\u00f3nica de $10 USD en su segundo (2), y otra liga electr\u00f3nica de $10 USD m\u00e1s en su quinto (5) env\u00edo de dinero\/pago de servicio\/recarga telef\u00f3nica exitoso por un monto de $100 USD o m\u00e1s entre el 1 de junio de 2021 y el&nbsp;<span style=\"font-family: Lexend, sans-serif; font-size: 14px; font-style: normal; font-variant-ligatures: normal; font-variant-caps: normal; font-weight: 300;\">30 junio 2026<\/span>. Recibir\u00e1 la liga electr\u00f3nica de $10 USD en su correo electr\u00f3nico registrado dentro de 7 d\u00edas h\u00e1biles despu\u00e9s de que la transacci\u00f3n haya sido realizada con \u00e9xito.<br><br><\/p>\n<p>La promoci\u00f3n es v\u00e1lida del 1 de junio al&nbsp;<span style=\"font-family: Lexend, sans-serif; font-size: 14px; font-style: normal; font-variant-ligatures: normal; font-variant-caps: normal; font-weight: 300;\">30 junio 2026<\/span>. La promoci\u00f3n no puede ser transferida y se limita a una oferta por cliente. La tarjeta de regalo expira 90 d\u00edas despu\u00e9s de la fecha de emisi\u00f3n y est\u00e1 sujeta a leyes pertinentes.<br><br><\/p>\n<p>La Tarjeta de Regalo ser\u00e1 nula para cualquier transacci\u00f3n con uLink que sea luego cancelada por usted o por uLink (a criterio exclusivo de uLink). uLink se reserva el derecho de anular cualquier canje de la oferta que parezca ser fraudulento y de anular cualquier canje de la oferta que sea resultado de una transacci\u00f3n fraudulenta usando a uLink de cualquier transacci\u00f3n que no cumpla con el Acuerdo del usuario, publicado en <a href=\"https:\/\/ulink.com\/es\/\">ulink.com<\/a>. uLink no reemplazar\u00e1 ninguna tarjeta de regalo perdida, da\u00f1ada o expirada.<br><br><\/p>\n<p>uLink se reserva el derecho de adicionar, modificar, o terminar cualquiera y\/o todos los t\u00e9rminos y condiciones del acuerdo de promoci\u00f3n, en cualquier momento, sin anuncio previo o de reemplazar total o parcialmente la promoci\u00f3n con otra oferta, sin responsabilidad de uLink.<br><br><\/p>\n<p>Usted no puede (y usted no es elegible para) participar en la promoci\u00f3n donde est\u00e9 prohibido por cualquier ley, decreto o regulaci\u00f3n pertinente o si usted es un empleado de uLink o un afiliado o cualquier otra compa\u00f1\u00eda de remesas con licencia. Toda la informaci\u00f3n que uLink reciba de usted como parte de la promoci\u00f3n, se somete a la Pol\u00edtica de privacidad de uLink, publicada en <a href=\"https:\/\/ulink.com\/es\/\">ulink.com<\/a>.<br><br><\/p>\n<p>La oferta no puede ser usada para ning\u00fan prop\u00f3sito comercial, tal como lo determina uLink bajo su exclusivo criterio.<\/p>\n<p>uLink renuncia expresamente a cualquier y toda responsabilidad asociada con o que surjan de su uso de la tarjeta regalo. La resoluci\u00f3n de todas las controversias o litigios sobre la elegibilidad para la Promoci\u00f3n o su cumplimiento de los t\u00e9rminos y condiciones de este Acuerdo de Promoci\u00f3n es responsabilidad de uLink.<br><br><\/p>\n<p>EN NING\u00daN CASO ULINK SER\u00c1 RESPONSABLE ANTE USTED O CUALQUIER TERCERO POR DA\u00d1OS DE NING\u00daN TIPO DERIVADOS DE SU PARTICIPACI\u00d3N EN ESTA PROMOCI\u00d3N, INCLUYENDO PERO NO LIMITADO A DA\u00d1OS ESPECIALES, INDIRECTOS, INCIDENTALES, PUNITIVOS Y \/ O EMERGENTES, INCLUSO SI HA SIDO ULINK ADVERTIDO DE LA POSIBILIDAD DE TALES DANOS. EL ACUERDO DE USUARIO ULINK, INCLUIDAS LAS SECCIONES DE LIMITACI\u00d3N DE LA RESPONSABILIDAD Y LA LEY DE RESOLUCI\u00d3N DE DISPUTAS \/ GOBIERNO EST\u00c1 EXPRESAMENTE INCORPORADO AQU\u00cd COMO REFERENCIA.<br><br><\/p>\n<p>EN NING\u00daN CASO ULINK SER\u00c1 RESPONSABLE ANTE USTED O CUALQUIER TERCERO POR CUALQUIER DA\u00d1O DE CUALQUIER TIPO QUE SURJA DE SU USO DE LA LIGA DE $10. ADEM\u00c1S, TANGO CARD, NI TAMPOCO ULINK, ES RESPONSABLE DE ADMINISTRAR Y MANTENER SU PROGRAMA DE TARJETA, INCLUYENDO PERO NO LIMITADO AL CUMPLIMIENTO DE ESTE PROGRAMA CON LOS REGLAMENTOS FEDERALES Y ESTATALES APROPIADOS.<br><br><\/p>\n<p>TODA GARANT\u00cdA, EXPRESA O IMPL\u00cdCITA, ES RECHAZADA (INCLUYENDO, ENTRE OTROS, LA RENUNCIA DE LAS GARANT\u00cdAS DE COMERCIALIZACI\u00d3N, DE NO VIOLACI\u00d3N DE LA PROPIEDAD Y \/ O IDONEIDAD INTELECTUAL PARA UN PROP\u00d3SITO PARTICULAR). ULINK NO HACE NINGUNA REPRESENTACI\u00d3N O GARANT\u00cdA CON RESPECTO A CUALQUIER RESULTADO OBTENIDO A TRAVES DE LA PROMOCI\u00d3N.<\/p>\n<h3>La Promoci\u00f3n est\u00e1 sujeta a acontecimientos de fuerza mayor.<\/h3>\n<p>La promoci\u00f3n no tiene valor en efectivo y no puede combinarse con ninguna otra oferta. uLink es la autoridad final para la Promoci\u00f3n y la interpretaci\u00f3n del presente Acuerdo de Promoci\u00f3n.<br><br><\/p>\n<p>Cualquier disputa o reclamo relacionado con esta promoci\u00f3n ser\u00e1 resuelto mediante arbitraje vinculante, en lugar de en un tribunal, excepto que usted puede hacer reclamaciones en el tribunal de reclamos menores si sus reclamaciones califican. La Ley Federal de Arbitraje y la ley de arbitraje federal se aplican a este acuerdo.<br><br><\/p>\n<p>No hay juez o jurado en el arbitraje, y la revisi\u00f3n judicial de un laudo de arbitraje es limitada. Sin embargo, un \u00e1rbitro puede otorgar en forma individual los mismos da\u00f1os y perjuicios que un tribunal (incluyendo medidas cautelares y declarativas o da\u00f1os legales) y debe seguir los t\u00e9rminos de estas Condiciones de Uso como lo har\u00eda un tribunal.<br><br><\/p>\n<p>Al participar en esta promoci\u00f3n, usted acepta que la Ley Federal de Arbitraje, la ley federal aplicable y las leyes del estado de Nueva Jersey, sin tener en cuenta los principios de conflicto de leyes, regir\u00e1n estos T\u00e9rminos y Condiciones y cualquier disputa de cualquier tipo que Puede surgir entre usted y uLink.<\/p>\n<p>La oferta expira el 30\/06\/26 a las 11:59pm hora del este (EST).<\/p>\t\t\t\t\t\t\t\t<\/div>\n\t\t\t\t<\/div>\n\t\t\t\t\t<\/div>\n\t\t<\/div>\n\t\t\t\t\t<\/div>\n\t\t<\/section>\n\t\t\t\t<\/div>\n\t\t","protected":false},"excerpt":{"rendered":"<p>PROMOCI\u00d3N DE $30 T\u00e9rminos y Condiciones Al participar en esta promoci\u00f3n, usted acepta estos t\u00e9rminos y condiciones. Descripci\u00f3n de la Promoci\u00f3n Reciba una liga electr\u00f3nica de $10 USD despu\u00e9s de&#8230;<\/p>\n","protected":false},"author":1,"featured_media":0,"parent":0,"menu_order":0,"comment_status":"closed","ping_status":"closed","template":"elementor_header_footer","meta":{"om_disable_all_campaigns":false,"_monsterinsights_skip_tracking":false,"_monsterinsights_sitenote_active":false,"_monsterinsights_sitenote_note":"","_monsterinsights_sitenote_category":0,"footnotes":""},"class_list":["post-3000","page","type-page","status-publish"],"aioseo_notices":[],"_links":{"self":[{"href":"https:\/\/ulink.com\/es\/wp-json\/wp\/v2\/pages\/3000","targetHints":{"allow":["GET"]}}],"collection":[{"href":"https:\/\/ulink.com\/es\/wp-json\/wp\/v2\/pages"}],"about":[{"href":"https:\/\/ulink.com\/es\/wp-json\/wp\/v2\/types\/page"}],"author":[{"embeddable":true,"href":"https:\/\/ulink.com\/es\/wp-json\/wp\/v2\/users\/1"}],"replies":[{"embeddable":true,"href":"https:\/\/ulink.com\/es\/wp-json\/wp\/v2\/comments?post=3000"}],"version-history":[{"count":0,"href":"https:\/\/ulink.com\/es\/wp-json\/wp\/v2\/pages\/3000\/revisions"}],"wp:attachment":[{"href":"https:\/\/ulink.com\/es\/wp-json\/wp\/v2\/media?parent=3000"}],"curies":[{"name":"wp","href":"https:\/\/api.w.org\/{rel}","templated":true}]}}