{"id":3177,"date":"2022-03-07T09:07:16","date_gmt":"2022-03-07T15:07:16","guid":{"rendered":"https:\/\/ulink.com\/cookies\/"},"modified":"2022-12-16T11:07:24","modified_gmt":"2022-12-16T17:07:24","slug":"cookies","status":"publish","type":"page","link":"https:\/\/ulink.com\/es\/cookies\/","title":{"rendered":"Cookies"},"content":{"rendered":"\t\t<div data-elementor-type=\"wp-page\" data-elementor-id=\"3177\" class=\"elementor elementor-3177 elementor-1455\" data-elementor-post-type=\"page\">\n\t\t\t\t\t\t<section class=\"elementor-section elementor-top-section elementor-element elementor-element-edc1652 elementor-section-boxed elementor-section-height-default elementor-section-height-default\" data-id=\"edc1652\" data-element_type=\"section\" data-e-type=\"section\" data-settings=\"{&quot;jet_parallax_layout_list&quot;:[],&quot;background_background&quot;:&quot;classic&quot;}\">\n\t\t\t\t\t\t<div class=\"elementor-container elementor-column-gap-default\">\n\t\t\t\t\t<div class=\"elementor-column elementor-col-100 elementor-top-column elementor-element elementor-element-e88c0ab\" data-id=\"e88c0ab\" data-element_type=\"column\" data-e-type=\"column\">\n\t\t\t<div class=\"elementor-widget-wrap elementor-element-populated\">\n\t\t\t\t\t\t<div class=\"elementor-element elementor-element-9c575ce elementor-widget elementor-widget-text-editor\" data-id=\"9c575ce\" data-element_type=\"widget\" data-e-type=\"widget\" data-widget_type=\"text-editor.default\">\n\t\t\t\t<div class=\"elementor-widget-container\">\n\t\t\t\t\t\t\t\t\t<h1>Acerca de las Cookies<\/h1>\n<p>Utilizamos cookies para mejorar su experiencia de navegaci\u00f3n, y de \u00e9stas, algunas son necesarias para que nuestro sitio funcione.<\/p>\n<p>Las cookies son archivos de texto que contienen peque\u00f1as cantidades de informaci\u00f3n que se descargan en su dispositivo cuando visita un sitio web. Luego, las cookies se env\u00edan al sitio web de origen en cada visita posterior, o a otro sitio web que reconoce esa cookie. Las cookies son \u00fatiles porque permiten que un sitio web reconozca el dispositivo de un usuario.<\/p>\n<p>Las cookies realizan muchos trabajos diferentes, como realizar un seguimiento de las elecciones que realiza durante su visita a ese sitio web, permiti\u00e9ndole navegar entre p\u00e1ginas de manera eficiente, recordando sus preferencias y, en general, mejorando la experiencia del usuario. Tambi\u00e9n pueden ayudar a garantizar que los anuncios que ve en l\u00ednea sean m\u00e1s relevantes para usted y sus intereses.<\/p>\n<p>Las cookies se eliminan por s\u00ed solas despu\u00e9s de un cierto n\u00famero de meses (pueden variar), pero se actualizan autom\u00e1ticamente cuando vuelve a visitar un sitio web. Puede usar la configuraci\u00f3n dentro de su navegador para controlar y eliminar las cookies que est\u00e1n configuradas en su dispositivo. Sin embargo, tenga en cuenta que si configura su navegador para rechazar las cookies, es posible que no pueda disfrutar de todas las funciones de este sitio web.<\/p>\n\t\t\t\t\t\t\t\t<\/div>\n\t\t\t\t<\/div>\n\t\t\t\t\t<\/div>\n\t\t<\/div>\n\t\t\t\t\t<\/div>\n\t\t<\/section>\n\t\t\t\t<\/div>\n\t\t","protected":false},"excerpt":{"rendered":"","protected":false},"author":1,"featured_media":0,"parent":0,"menu_order":0,"comment_status":"closed","ping_status":"closed","template":"elementor_header_footer","meta":{"om_disable_all_campaigns":false,"_monsterinsights_skip_tracking":false,"_monsterinsights_sitenote_active":false,"_monsterinsights_sitenote_note":"","_monsterinsights_sitenote_category":0,"footnotes":""},"class_list":["post-3177","page","type-page","status-publish"],"aioseo_notices":[],"_links":{"self":[{"href":"https:\/\/ulink.com\/es\/wp-json\/wp\/v2\/pages\/3177","targetHints":{"allow":["GET"]}}],"collection":[{"href":"https:\/\/ulink.com\/es\/wp-json\/wp\/v2\/pages"}],"about":[{"href":"https:\/\/ulink.com\/es\/wp-json\/wp\/v2\/types\/page"}],"author":[{"embeddable":true,"href":"https:\/\/ulink.com\/es\/wp-json\/wp\/v2\/users\/1"}],"replies":[{"embeddable":true,"href":"https:\/\/ulink.com\/es\/wp-json\/wp\/v2\/comments?post=3177"}],"version-history":[{"count":0,"href":"https:\/\/ulink.com\/es\/wp-json\/wp\/v2\/pages\/3177\/revisions"}],"wp:attachment":[{"href":"https:\/\/ulink.com\/es\/wp-json\/wp\/v2\/media?parent=3177"}],"curies":[{"name":"wp","href":"https:\/\/api.w.org\/{rel}","templated":true}]}}