{"id":3386,"date":"2022-03-07T16:52:25","date_gmt":"2022-03-07T22:52:25","guid":{"rendered":"https:\/\/ulink.com\/ulink-card\/"},"modified":"2022-03-07T16:57:41","modified_gmt":"2022-03-07T22:57:41","slug":"ulinkcard","status":"publish","type":"page","link":"https:\/\/ulink.com\/es\/ulinkcard\/","title":{"rendered":"uLink Card"},"content":{"rendered":"\t\t<div data-elementor-type=\"wp-page\" data-elementor-id=\"3386\" class=\"elementor elementor-3386 elementor-3289\" data-elementor-post-type=\"page\">\n\t\t\t\t\t\t<section class=\"elementor-section elementor-top-section elementor-element elementor-element-a67e961 elementor-section-boxed elementor-section-height-default elementor-section-height-default\" data-id=\"a67e961\" data-element_type=\"section\" data-e-type=\"section\" data-settings=\"{&quot;jet_parallax_layout_list&quot;:[],&quot;background_background&quot;:&quot;gradient&quot;}\">\n\t\t\t\t\t\t<div class=\"elementor-container elementor-column-gap-default\">\n\t\t\t\t\t<div class=\"elementor-column elementor-col-50 elementor-top-column elementor-element elementor-element-1cfd417\" data-id=\"1cfd417\" data-element_type=\"column\" data-e-type=\"column\">\n\t\t\t<div class=\"elementor-widget-wrap elementor-element-populated\">\n\t\t\t\t\t\t<div class=\"elementor-element elementor-element-cd818d1 elementor-widget elementor-widget-image\" data-id=\"cd818d1\" data-element_type=\"widget\" data-e-type=\"widget\" data-widget_type=\"image.default\">\n\t\t\t\t<div class=\"elementor-widget-container\">\n\t\t\t\t\t\t\t\t\t\t\t\t\t\t\t<img fetchpriority=\"high\" decoding=\"async\" width=\"633\" height=\"548\" src=\"https:\/\/ulink.com\/wp-content\/uploads\/2022\/03\/uLinkcard2.png\" class=\"attachment-large size-large wp-image-3336\" alt=\"uLinkcard2\" srcset=\"https:\/\/ulink.com\/wp-content\/uploads\/2022\/03\/uLinkcard2.png 633w, https:\/\/ulink.com\/wp-content\/uploads\/2022\/03\/uLinkcard2-300x260.png 300w\" sizes=\"(max-width: 633px) 100vw, 633px\" \/>\t\t\t\t\t\t\t\t\t\t\t\t\t\t\t<\/div>\n\t\t\t\t<\/div>\n\t\t\t\t\t<\/div>\n\t\t<\/div>\n\t\t\t\t<div class=\"elementor-column elementor-col-50 elementor-top-column elementor-element elementor-element-0ea9dba\" data-id=\"0ea9dba\" data-element_type=\"column\" data-e-type=\"column\">\n\t\t\t<div class=\"elementor-widget-wrap elementor-element-populated\">\n\t\t\t\t\t\t<div class=\"elementor-element elementor-element-5d4f135 elementor-widget elementor-widget-heading\" data-id=\"5d4f135\" data-element_type=\"widget\" data-e-type=\"widget\" data-widget_type=\"heading.default\">\n\t\t\t\t<div class=\"elementor-widget-container\">\n\t\t\t\t\t<p class=\"elementor-heading-title elementor-size-default\">\u00a1Disfruta de los Beneficios de tu tarjeta uLinkcard Prepaid Mastercard\u00ae!<\/p>\t\t\t\t<\/div>\n\t\t\t\t<\/div>\n\t\t\t\t<div class=\"elementor-element elementor-element-ae45694 elementor-widget elementor-widget-heading\" data-id=\"ae45694\" data-element_type=\"widget\" data-e-type=\"widget\" data-widget_type=\"heading.default\">\n\t\t\t\t<div class=\"elementor-widget-container\">\n\t\t\t\t\t<p class=\"elementor-heading-title elementor-size-default\">Env\u00eda dinero al extranjero<sup>1<\/sup> SIN CARGO a tu tarjeta<sup>2<\/sup> y entrega r\u00e1pida de efectivo. Para comenzar a enviar dinero, primero debes crear una cuenta con uLink. \u00a1Solo toma unos minutos! O si ya eres miembro, inicia sesi\u00f3n en tu cuenta existente.<\/p>\t\t\t\t<\/div>\n\t\t\t\t<\/div>\n\t\t\t\t<div class=\"elementor-element elementor-element-d2460b1 elementor-widget__width-auto elementor-widget elementor-widget-button\" data-id=\"d2460b1\" data-element_type=\"widget\" data-e-type=\"widget\" data-widget_type=\"button.default\">\n\t\t\t\t<div class=\"elementor-widget-container\">\n\t\t\t\t\t\t\t\t\t<div class=\"elementor-button-wrapper\">\n\t\t\t\t\t<a class=\"elementor-button elementor-button-link elementor-size-sm\" href=\"https:\/\/send.uniteller.com\/jsps\/Signup.action\">\n\t\t\t\t\t\t<span class=\"elementor-button-content-wrapper\">\n\t\t\t\t\t\t\t\t\t<span class=\"elementor-button-text\">REGISTRARSE<\/span>\n\t\t\t\t\t<\/span>\n\t\t\t\t\t<\/a>\n\t\t\t\t<\/div>\n\t\t\t\t\t\t\t\t<\/div>\n\t\t\t\t<\/div>\n\t\t\t\t<div class=\"elementor-element elementor-element-7bd80ec elementor-widget__width-auto elementor-widget elementor-widget-button\" data-id=\"7bd80ec\" data-element_type=\"widget\" data-e-type=\"widget\" data-widget_type=\"button.default\">\n\t\t\t\t<div class=\"elementor-widget-container\">\n\t\t\t\t\t\t\t\t\t<div class=\"elementor-button-wrapper\">\n\t\t\t\t\t<a class=\"elementor-button elementor-button-link elementor-size-sm\" href=\"https:\/\/send.uniteller.com\/jsps\/InitializeLogin.action\">\n\t\t\t\t\t\t<span class=\"elementor-button-content-wrapper\">\n\t\t\t\t\t\t\t\t\t<span class=\"elementor-button-text\">INICIAR SESI\u00d3N<\/span>\n\t\t\t\t\t<\/span>\n\t\t\t\t\t<\/a>\n\t\t\t\t<\/div>\n\t\t\t\t\t\t\t\t<\/div>\n\t\t\t\t<\/div>\n\t\t\t\t\t<\/div>\n\t\t<\/div>\n\t\t\t\t\t<\/div>\n\t\t<\/section>\n\t\t\t\t<section class=\"elementor-section elementor-top-section elementor-element elementor-element-d60c93a elementor-section-height-min-height elementor-section-boxed elementor-section-height-default elementor-section-items-middle\" data-id=\"d60c93a\" data-element_type=\"section\" data-e-type=\"section\" data-settings=\"{&quot;jet_parallax_layout_list&quot;:[],&quot;background_background&quot;:&quot;classic&quot;}\">\n\t\t\t\t\t\t<div class=\"elementor-container elementor-column-gap-default\">\n\t\t\t\t\t<div class=\"elementor-column elementor-col-50 elementor-top-column elementor-element elementor-element-1985cd9\" data-id=\"1985cd9\" data-element_type=\"column\" data-e-type=\"column\">\n\t\t\t<div class=\"elementor-widget-wrap elementor-element-populated\">\n\t\t\t\t\t\t<div class=\"elementor-element elementor-element-6f4221a elementor-widget elementor-widget-heading\" data-id=\"6f4221a\" data-element_type=\"widget\" data-e-type=\"widget\" data-widget_type=\"heading.default\">\n\t\t\t\t<div class=\"elementor-widget-container\">\n\t\t\t\t\t<p class=\"elementor-heading-title elementor-size-default\">Podr\u00e1s tener un mejor control al administrar tu presupuesto de env\u00edos de dinero desde un solo lugar. \u00a1Descarga la aplicaci\u00f3n de uLinkcard!<\/p>\t\t\t\t<\/div>\n\t\t\t\t<\/div>\n\t\t\t\t<div class=\"elementor-element elementor-element-a075ed6 elementor-widget__width-auto elementor-widget elementor-widget-image\" data-id=\"a075ed6\" data-element_type=\"widget\" data-e-type=\"widget\" data-widget_type=\"image.default\">\n\t\t\t\t<div class=\"elementor-widget-container\">\n\t\t\t\t\t\t\t\t\t\t\t\t\t\t\t\t<a href=\"https:\/\/itunes.apple.com\/us\/app\/ulinkcard\/id1375520381?mt=8\" target=\"_blank\">\n\t\t\t\t\t\t\t<img decoding=\"async\" width=\"300\" height=\"100\" src=\"https:\/\/ulink.com\/wp-content\/uploads\/2022\/03\/appstore_ESMX-300x100.png\" class=\"attachment-medium size-medium wp-image-3252\" alt=\"appstore ESMX\" srcset=\"https:\/\/ulink.com\/wp-content\/uploads\/2022\/03\/appstore_ESMX-300x100.png 300w, https:\/\/ulink.com\/wp-content\/uploads\/2022\/03\/appstore_ESMX.png 600w\" sizes=\"(max-width: 300px) 100vw, 300px\" \/>\t\t\t\t\t\t\t\t<\/a>\n\t\t\t\t\t\t\t\t\t\t\t\t\t\t\t<\/div>\n\t\t\t\t<\/div>\n\t\t\t\t<div class=\"elementor-element elementor-element-434bb8c elementor-widget__width-auto elementor-widget elementor-widget-image\" data-id=\"434bb8c\" data-element_type=\"widget\" data-e-type=\"widget\" data-widget_type=\"image.default\">\n\t\t\t\t<div class=\"elementor-widget-container\">\n\t\t\t\t\t\t\t\t\t\t\t\t\t\t\t\t<a href=\"https:\/\/play.google.com\/store\/apps\/details?id=com.ulinkcard.ulink&#038;hl=es\" target=\"_blank\">\n\t\t\t\t\t\t\t<img decoding=\"async\" width=\"300\" height=\"89\" src=\"https:\/\/ulink.com\/wp-content\/uploads\/2022\/03\/google-play-MX-300x89.png\" class=\"attachment-medium size-medium wp-image-3255\" alt=\"google play MX\" srcset=\"https:\/\/ulink.com\/wp-content\/uploads\/2022\/03\/google-play-MX-300x89.png 300w, https:\/\/ulink.com\/wp-content\/uploads\/2022\/03\/google-play-MX.png 564w\" sizes=\"(max-width: 300px) 100vw, 300px\" \/>\t\t\t\t\t\t\t\t<\/a>\n\t\t\t\t\t\t\t\t\t\t\t\t\t\t\t<\/div>\n\t\t\t\t<\/div>\n\t\t\t\t\t<\/div>\n\t\t<\/div>\n\t\t\t\t<div class=\"elementor-column elementor-col-50 elementor-top-column elementor-element elementor-element-8a63af1\" data-id=\"8a63af1\" data-element_type=\"column\" data-e-type=\"column\">\n\t\t\t<div class=\"elementor-widget-wrap\">\n\t\t\t\t\t\t\t<\/div>\n\t\t<\/div>\n\t\t\t\t\t<\/div>\n\t\t<\/section>\n\t\t\t\t<section class=\"elementor-section elementor-top-section elementor-element elementor-element-85134f0 elementor-section-boxed elementor-section-height-default elementor-section-height-default\" data-id=\"85134f0\" data-element_type=\"section\" data-e-type=\"section\" data-settings=\"{&quot;jet_parallax_layout_list&quot;:[],&quot;background_background&quot;:&quot;classic&quot;}\">\n\t\t\t\t\t\t<div class=\"elementor-container elementor-column-gap-default\">\n\t\t\t\t\t<div class=\"elementor-column elementor-col-100 elementor-top-column elementor-element elementor-element-f12c75c\" data-id=\"f12c75c\" data-element_type=\"column\" data-e-type=\"column\">\n\t\t\t<div class=\"elementor-widget-wrap elementor-element-populated\">\n\t\t\t\t\t\t<div class=\"elementor-element elementor-element-104eff4 elementor-widget elementor-widget-heading\" data-id=\"104eff4\" data-element_type=\"widget\" data-e-type=\"widget\" data-widget_type=\"heading.default\">\n\t\t\t\t<div class=\"elementor-widget-container\">\n\t\t\t\t\t<h2 class=\"elementor-heading-title elementor-size-default\">La Tarjeta MasterCard\u00ae Prepagada uLinkcard \/ Esta Tarjeta es emitida por SUNRISE BANKS N.A., Miembro FDIC, conforme a una licencia de Mastercard International Incorporated. Mastercard es una marca registrada, y el dise\u00f1o de c\u00edrculos es una marca registrada de Mastercard International Incorporated. El uso de esta tarjeta implica la aceptaci\u00f3n de los t\u00e9rminos y condiciones establecidos en el Acuerdo del titular de la tarjeta.<br><br>\n<sup>1<\/sup>La tarjeta uLinkcard Prepaid Mastercard\u00ae no es requerida para el servicio de transferencia de dinero. El servicio de env\u00edo de dinero es proporcionado por Servicio UniTeller, Inc. y no es respaldado por Sunrise Bank ni est\u00e1 afiliado de ninguna manera.<br><br>\n<sup>2<\/sup> Sin cargo adicional a tu tarjeta. Cargos adicionales pueden aplicar para ciertos pagadores. uLink puede tener un ingreso en la conversi\u00f3n cambiaria.\n<\/h2>\t\t\t\t<\/div>\n\t\t\t\t<\/div>\n\t\t\t\t\t<\/div>\n\t\t<\/div>\n\t\t\t\t\t<\/div>\n\t\t<\/section>\n\t\t\t\t<\/div>\n\t\t","protected":false},"excerpt":{"rendered":"<p>\u00a1Disfruta de los Beneficios de tu tarjeta uLinkcard Prepaid Mastercard\u00ae! Env\u00eda dinero al extranjero1 SIN CARGO a tu tarjeta2 y entrega r\u00e1pida de efectivo. Para comenzar a enviar dinero, primero&#8230;<\/p>\n","protected":false},"author":1,"featured_media":0,"parent":0,"menu_order":0,"comment_status":"closed","ping_status":"closed","template":"elementor_header_footer","meta":{"om_disable_all_campaigns":false,"_monsterinsights_skip_tracking":false,"_monsterinsights_sitenote_active":false,"_monsterinsights_sitenote_note":"","_monsterinsights_sitenote_category":0,"footnotes":""},"class_list":["post-3386","page","type-page","status-publish"],"aioseo_notices":[],"_links":{"self":[{"href":"https:\/\/ulink.com\/es\/wp-json\/wp\/v2\/pages\/3386","targetHints":{"allow":["GET"]}}],"collection":[{"href":"https:\/\/ulink.com\/es\/wp-json\/wp\/v2\/pages"}],"about":[{"href":"https:\/\/ulink.com\/es\/wp-json\/wp\/v2\/types\/page"}],"author":[{"embeddable":true,"href":"https:\/\/ulink.com\/es\/wp-json\/wp\/v2\/users\/1"}],"replies":[{"embeddable":true,"href":"https:\/\/ulink.com\/es\/wp-json\/wp\/v2\/comments?post=3386"}],"version-history":[{"count":0,"href":"https:\/\/ulink.com\/es\/wp-json\/wp\/v2\/pages\/3386\/revisions"}],"wp:attachment":[{"href":"https:\/\/ulink.com\/es\/wp-json\/wp\/v2\/media?parent=3386"}],"curies":[{"name":"wp","href":"https:\/\/api.w.org\/{rel}","templated":true}]}}