{"id":3539,"date":"2022-03-03T16:30:15","date_gmt":"2022-03-03T22:30:15","guid":{"rendered":"https:\/\/ulink.com\/termsandcond-money-transfer-match\/"},"modified":"2022-03-07T20:14:01","modified_gmt":"2022-03-08T02:14:01","slug":"termsandcond-money-transfer-match","status":"publish","type":"page","link":"https:\/\/ulink.com\/es\/termsandcond-money-transfer-match\/","title":{"rendered":"Terms and conditions money transfer match"},"content":{"rendered":"\t\t<div data-elementor-type=\"wp-page\" data-elementor-id=\"3539\" class=\"elementor elementor-3539\" data-elementor-post-type=\"page\">\n\t\t\t\t\t\t<section class=\"elementor-section elementor-top-section elementor-element elementor-element-69fcfbb elementor-section-boxed elementor-section-height-default elementor-section-height-default\" data-id=\"69fcfbb\" data-element_type=\"section\" data-e-type=\"section\" data-settings=\"{&quot;jet_parallax_layout_list&quot;:[],&quot;background_background&quot;:&quot;classic&quot;}\">\n\t\t\t\t\t\t<div class=\"elementor-container elementor-column-gap-default\">\n\t\t\t\t\t<div class=\"elementor-column elementor-col-100 elementor-top-column elementor-element elementor-element-2d66d00\" data-id=\"2d66d00\" data-element_type=\"column\" data-e-type=\"column\">\n\t\t\t<div class=\"elementor-widget-wrap elementor-element-populated\">\n\t\t\t\t\t\t<div class=\"elementor-element elementor-element-e0207b4 elementor-widget elementor-widget-heading\" data-id=\"e0207b4\" data-element_type=\"widget\" data-e-type=\"widget\" data-widget_type=\"heading.default\">\n\t\t\t\t<div class=\"elementor-widget-container\">\n\t\t\t\t\t<h2 class=\"elementor-heading-title elementor-size-default\">SORTEO \u2013  uLink paga por tu env\u00edo <\/h2>\t\t\t\t<\/div>\n\t\t\t\t<\/div>\n\t\t\t\t<div class=\"elementor-element elementor-element-f53ba67 elementor-widget elementor-widget-heading\" data-id=\"f53ba67\" data-element_type=\"widget\" data-e-type=\"widget\" data-widget_type=\"heading.default\">\n\t\t\t\t<div class=\"elementor-widget-container\">\n\t\t\t\t\t<p class=\"elementor-heading-title elementor-size-default\">T\u00e9rminos y condiciones oficiales<\/p>\t\t\t\t<\/div>\n\t\t\t\t<\/div>\n\t\t\t\t<div class=\"elementor-element elementor-element-1fb7981 elementor-widget-divider--view-line elementor-widget elementor-widget-divider\" data-id=\"1fb7981\" data-element_type=\"widget\" data-e-type=\"widget\" data-widget_type=\"divider.default\">\n\t\t\t\t<div class=\"elementor-widget-container\">\n\t\t\t\t\t\t\t<div class=\"elementor-divider\">\n\t\t\t<span class=\"elementor-divider-separator\">\n\t\t\t\t\t\t<\/span>\n\t\t<\/div>\n\t\t\t\t\t\t<\/div>\n\t\t\t\t<\/div>\n\t\t\t\t<div class=\"elementor-element elementor-element-ef1c7d3 elementor-widget elementor-widget-text-editor\" data-id=\"ef1c7d3\" data-element_type=\"widget\" data-e-type=\"widget\" data-widget_type=\"text-editor.default\">\n\t\t\t\t<div class=\"elementor-widget-container\">\n\t\t\t\t\t\t\t\t\t<p><strong>NO ES NECESARIO REALIZAR NINGUNA COMPRA\/TRANSACCI\u00d3N PARA PARTICIPAR O GANAR. UNA TRANSACCI\u00d3N NO AUMENTAR\u00c1 SUS POSIBILIDADES DE GANAR.<\/strong> El Sorteo \u00abuLink paga por tu env\u00edo\u00bb de uLink (la \u00abPromoci\u00f3n\u00bb o \u00abSorteo\u00bb) patrocinado por Servicio UniTeller, Inc. (el \u00abPatrocinador\u00bb) inicia el 08 de marzo del 2022 a las 9:00:00 a.m., hora est\u00e1ndar del este (\u00abEST\u00bb) y finaliza el 08 de abril del 2022 a las 11:59:59 p.m. EST del (el \u00abPer\u00edodo del sorteo\u00bb).<\/p>\n<p><strong>Los siguientes son los T\u00e9rminos y Condiciones del sorteo, patrocinado por uLink, un servicio de Servicio UniTeller, Inc.<\/strong><\/p>\n<h3>Descripci\u00f3n de la promoci\u00f3n<\/h3>\n<p><strong>C\u00d3MO PARTICIPAR:<\/strong> No se requiere ninguna compra \/ transacci\u00f3n: Los candidatos pueden participar en el Sorteo por dos m\u00e9todos: 1) completando una (1) transferencia de dinero aplicable o 2) cualquier persona elegible puede enviar una entrada por correo mediante el m\u00e9todo \u201cSin Obligaci\u00f3n de Compra\u201d a 4516 Seton Center Parkway, Suite 125, Austin, TX 78759 Attn: \u00abDepartamento de Mercadotecnia de uLink \u2013 Entrada a Sorteo  uLink paga tu env\u00edo\u00bb  con una carta expresando su inter\u00e9s en participar en el sorteo. La carta debe incluir el nombre completo del participante, correo electr\u00f3nico, la direcci\u00f3n, el n\u00famero de tel\u00e9fono y una fotocopia de una identificaci\u00f3n emitida por el gobierno de los Estados Unidos que muestre el nombre y el DOB. Tenga en cuenta que Attn: \u00abDepartamento de Mercadotecnia de uLink\u00bb DEBE mencionarse claramente en el propio sobre. La falta de menci\u00f3n y de proporcionar una identificaci\u00f3n puede resultar en una entrada nula. Por favor, no env\u00ede ninguna copia original como prueba de identificaci\u00f3n. UniTeller no se hace responsable si se env\u00eda un documento original para participar en el sorteo.<\/p>\n<h3>CONDICIONES DE ENTRADA:<\/h3>\n<p>El Sorteo comienza a las 9:00:00 a.m., hora del este (\u00abEST\u00bb) el 8 de marzo de 2022 y termina a las 11:59:59 p.m. EST, el 8 de abril de 2022 (el \u00abPer\u00edodo del sorteo\u00bb).  Los servidores y los horarios del patrocinador servir\u00e1n como el horario oficial para el sorteo y la prueba de entrada de los participantes no constituye una prueba de recibo por parte del Patrocinador.<br \/>\nLas entradas recibidas sin toda la informaci\u00f3n solicitada ser\u00e1n anuladas. Las entradas incompletas o inexactas son nulas. Todos los materiales enviados ser\u00e1n propiedad exclusiva del Patrocinador y no ser\u00e1n reconocidos o devueltos. Al entrar, el participante reconoce el cumplimiento de estas Reglas Oficiales incluyendo todos los requisitos de elegibilidad. El Patrocinador y sus afiliados, subsidiarias, representantes, agentes y empleados no son responsables por las entradas perdidas, tard\u00edas, robadas, ilegibles, retrasadas o mal dirigidas; fallas t\u00e9cnicas de hardware o software de cualquier tipo; conexiones de red p\u00e9rdidas o no disponibles; transacciones fallidas, incompletas o da\u00f1adas; o de transmisiones de computadoras ilegibles o retrasadas, incluso si lo anterior limita la capacidad de un participante para entrar en el Sorteo de cualquier manera o de ganar. El Patrocinador y sus afiliados, subsidiarias, representantes, agentes y empleados no ser\u00e1n responsables de ning\u00fan problema o mal funcionamiento t\u00e9cnico de cualquier red o l\u00ednea telef\u00f3nica, sistemas inform\u00e1ticos en l\u00ednea, servidores o proveedores, equipo inform\u00e1tico, software, fallos de cualquier correo electr\u00f3nico debido a problemas t\u00e9cnicos o congesti\u00f3n de tr\u00e1fico, o cualquier combinaci\u00f3n de los mismos, incluyendo cualquier lesi\u00f3n o da\u00f1o a la computadora del participante o de cualquier persona u otra propiedad relacionada o resultante de la participaci\u00f3n o descarga de cualquier material relacionado con el Sorteo.<br \/>\nPRIVACIDAD: La informaci\u00f3n personal que usted env\u00eda al participar en el Sorteo es recopilada por el Patrocinador y estar\u00e1 sujeta a la pol\u00edtica de privacidad del Patrocinador. Al participar en esta promoci\u00f3n, usted acepta permitir que el Patrocinador utilice su informaci\u00f3n personal, la cual puede incluir; identificaci\u00f3n, como nombre y direcci\u00f3n; e informaci\u00f3n de la transacci\u00f3n para promover directamente sus servicios a usted.<\/p>\n<p><strong>DESCRIPCI\u00d3N Y LIMITACIONES DEL PREMIO:<\/strong> Habr\u00e1 un total de cinco (5) premios ofrecidos en forma de tarjeta de regalo para los principales comercios enviada a trav\u00e9s de un proveedor externo Tango Card Inc.  Para las entradas ganadoras, UniTeller igualar\u00e1 el valor de la transferencia de dinero realizada por el participante durante el per\u00edodo de la promoci\u00f3n.  La tarjeta de regalo de reembolso solo es aplicable por un valor de hasta $ 500, excluyendo las tarifas pagadas por la transferencia.  El Valor Total de Venta al Por menor (\u00abRV\u00bb) de todos los reembolsos ofrecidos en este Sorteo es: no m\u00e1s de $2,500 USD y no exceder\u00e1 los $500 USD por participante.  Si la transferencia de dinero para el participante ganador es superior a $ 500, el remitente recibir\u00e1 una tarjeta de regalo de $ 500 USD.  El correo ganador en las entradas no recibir\u00e1 m\u00e1s de una tarjeta de regalo de $ 50 que se puede canjear en los principales comercios.<br \/>\nSolo aplicable para transferencias que se encuentren en el estado de pagado. La promoci\u00f3n del sorteo no est\u00e1 abierta para pagos de facturas, recargas telef\u00f3nicas o cualquier otro tipo de servicio ofrecido adem\u00e1s de las remesas. Las transacciones canceladas, nulas, pendientes de cancelaci\u00f3n o pendientes de pago en la fecha del sorteo no califican para ser ingresadas en la promoci\u00f3n.<br \/>\nLos premios no estar\u00e1n sujetos a ninguna disputa o reclamaci\u00f3n de ning\u00fan tipo y no ser\u00e1n transferibles ni intercambiables por dinero en efectivo o cualquier otro art\u00edculo. Hay un l\u00edmite de un premio por persona, familia u hogar. No se permite la sustituci\u00f3n o transferencia de ning\u00fan premio, excepto que el Patrocinador puede, a su entera discreci\u00f3n, sustituir un premio de igual o mayor valor.  Todos los impuestos y otros gastos no especificados en este documento, incluidos, entre otros, los impuestos federales, estatales y \/ o locales asociados con el premio y su recepci\u00f3n son responsabilidad exclusiva de los destinatarios del premio.  Todos los premios se otorgar\u00e1n siempre que se reciba un n\u00famero suficiente de participaciones elegibles calificados para el per\u00edodo del Sorteo, como se describe en el siguiente calendario (\u201cCalendario de Selecci\u00f3n de Ganadores\u201d).<\/p>\n<p>La aceptaci\u00f3n del premio constituye un permiso para que el Patrocinador y sus agencias utilicen el nombre, la imagen y la entrada del ganador para fines publicitarios y comerciales en medios digitales y tradicionales sin compensaci\u00f3n adicional, a menos que lo proh\u00edba la ley.<\/p>\n<p>La tarjeta de regalo expira en 90 d\u00edas despu\u00e9s de la fecha de emisi\u00f3n y est\u00e1 sujeta a la ley aplicable. Usted no puede (y no es elegible para) participar en la Promoci\u00f3n si es un empleado de uLink o un afiliado o cualquier otra compa\u00f1\u00eda de remesas con licencia o cuando hacerlo est\u00e9 prohibido por cualquier ley, estatuto o reglamento aplicable o toda la informaci\u00f3n recopilada de usted como parte de la Promoci\u00f3n estar\u00e1 sujeta a la Pol\u00edtica de privacidad de uLink,  que se encuentra en https:\/\/ulinkremit.com.<br \/>\nLa oferta no se puede utilizar para ning\u00fan prop\u00f3sito comercial, seg\u00fan lo determine uLink a su entera discreci\u00f3n.<br \/>\nuLink renuncia expresamente a toda responsabilidad asociada o que surja de su uso de la tarjeta de regalo. La resoluci\u00f3n de todas las preguntas o disputas relacionadas con la elegibilidad para la Promoci\u00f3n o su cumplimiento de los t\u00e9rminos y condiciones de este Acuerdo de Promoci\u00f3n es responsabilidad de uLink.<\/p>\n<p>SORTEOS Y PROBABILIDADES DE GANAR: Habr\u00e1 un total de cinco (5) sorteos aleatorios de todas las participaciones elegibles recibidas durante el per\u00edodo del Sorteo, como se describe en el \u00abPrograma de sorteos\u00bb a continuaci\u00f3n.  Los cinco (5) sorteos aleatorios se llevar\u00e1n a cabo en o alrededor de las Fechas de Sorteo, como se indica en el \u00abCalendario de Sorteos\u00bb, y bajo la supervisi\u00f3n del Patrocinador. Las probabilidades de ganar dependen del n\u00famero de participaciones elegibles recibidas en el per\u00edodo del Sorteo.<\/p>\n<p><strong>Per\u00edodo de la promoci\u00f3n:<\/strong> 8 de marzo de 2022 \u2013 8 de abril de 2022<br \/>\n<strong>Fecha l\u00edmite para participar en l\u00ednea \/ por correo:<\/strong> 8 de abril de 2022 11: 59: 59 pm EST<br \/>\n<strong>Fecha de sorteo:<\/strong> 18 de abril de 2022<br \/>\n<strong>N\u00famero de ganadores potenciales del premio a sortear:<\/strong> Cinco (5) con reembolsos que no excedan los $500 USD<br \/>\n<strong>Notificaci\u00f3n a posibles ganadores del premio:<\/strong> 18 de abril de 2022 &#8211; 24 de abril de 2022<br \/>\n<strong>Total del premio:<\/strong> $2,500 USD<\/p>\n<p><strong>NOTIFICACI\u00d3N AL GANADOR \/ CUMPLIMIENTO DEL PREMIO:<\/strong> Los posibles ganadores ser\u00e1n notificados por correo electr\u00f3nico entre las 9 a.m. y las 5 p.m. EST sobre las fechas de notificaci\u00f3n indicadas en el \u00abCalendario de sorteos\u00bb anterior.  Las notificaciones se enviar\u00e1n al correo electr\u00f3nico registrado del remitente con uLink.<\/p>\n<p>Los reembolsos se realizar\u00e1n en forma de tarjeta de regalo emitido al correo electr\u00f3nico registrado del remitente con uLink. Bajo ninguna circunstancia se emitir\u00e1 la tarjeta regalo a una direcci\u00f3n de correo electr\u00f3nico que sea diferente a la registrada en uLink. El remitente recibir\u00e1 una confirmaci\u00f3n por escrito por correo electr\u00f3nico notific\u00e1ndole sus ganancias.<\/p>\n<p><strong>Para los participantes por correo<\/strong>, las ganancias ser\u00e1n en forma de tarjeta de regalo, que no exceda los $50 USD, emitido a la direcci\u00f3n de correo electr\u00f3nico proporcionada por el participante.  En ning\u00fan caso se emitir\u00e1  la tarjeta regalo a una direcci\u00f3n de correo electr\u00f3nico distinta a la facilitada en el momento de la participaci\u00f3n en el sorteo. El ganador recibir\u00e1 una confirmaci\u00f3n por escrito por correo electr\u00f3nico notific\u00e1ndole sus ganancias.<\/p>\n<p><strong>REGLAS GENERALES:<\/strong> El sorteo est\u00e1 abierto solo a residentes legales de los Estados Unidos, que tengan un N\u00famero de Identificaci\u00f3n Fiscal (TIN) o un N\u00famero de Seguro Social (SSN) v\u00e1lidos, que tengan 18 a\u00f1os o m\u00e1s al 8 de marzo de 2022. Los empleados del Patrocinador, sus Agentes, sus afiliados, subsidiarias, agencias de publicidad y promoci\u00f3n, o cualquier otro proveedor del Patrocinador y sus familias inmediatas y \/ o aquellos que viven en el mismo hogar de cada uno no son elegibles para participar. Se aplican todas las leyes y regulaciones federales, estatales y locales. Nulo donde est\u00e9 prohibido por la ley. Si el ganador se considera menor de edad en su estado de residencia, el premio (s) se otorgar\u00e1 a nombre del padre o tutor legal del ganador. Al aceptar un premio, el ganador acepta eximir de responsabilidad al Patrocinador, sus agentes y sus afiliados, subsidiarias y sus respectivos Directores, funcionarios, empleados y cesionarios, contra todas y cada una de las reclamaciones y responsabilidades que surjan de la aceptaci\u00f3n, posesi\u00f3n, uso, uso indebido o no uso de cualquier premio. En cualquier caso, los da\u00f1os totales de cualquier reclamaci\u00f3n presentada contra el Patrocinador se limitan al monto en d\u00f3lares de cualquier premio adeudado al ganador. El \u00abganador\u00bb asume toda la responsabilidad por cualquier lesi\u00f3n o da\u00f1o causado, o que se alegue que es causado, por la participaci\u00f3n en esta promoci\u00f3n o el uso o canje de cualquier premio. Al participar en esta promoci\u00f3n, los participantes aceptan estar sujetos a estas Reglas Oficiales y a las decisiones del Patrocinador, que ser\u00e1n definitivas y vinculantes. Este Sorteo y estas Reglas Oficiales se interpretar\u00e1n de acuerdo con las leyes del Estado de Nueva Jersey sin tener en cuenta sus principios de conflictos de leyes. La jurisdicci\u00f3n y el lugar ser\u00e1n \u00fanicamente dentro del Estado de Nueva Jersey.<\/p>\n<p><strong>AVISO A LOS PARTICIPANTES:<\/strong> uLink se reserva el derecho de anular el derecho a participar a cualquier entrada que parezca ser fraudulenta, y de anular cualquier intento de participar resultante de una transacci\u00f3n fraudulenta de uLink o cualquier transacci\u00f3n que no cumpla con el Acuerdo de usuario de uLink, que se encuentra en https:\/\/ulinkremit.com. uLink no reemplazar\u00e1 ninguna tarjeta de regalo perdida, da\u00f1ada o vencida.<\/p>\n<p>uLink se reserva el derecho, en cualquier momento, sin previo aviso, de agregar, modificar o rescindir cualquiera y\/o todos los t\u00e9rminos del Acuerdo de Promoci\u00f3n o de reemplazar, total o parcialmente, la Promoci\u00f3n con otra oferta sin responsabilidad para uLink.<\/p>\n<p><strong>EN NING\u00daN CASO ULINK SER\u00c1 RESPONSABLE ANTE USTED O CUALQUIER TERCERO POR CUALQUIER DA\u00d1O DE CUALQUIER TIPO QUE SURJA DE SU PARTICIPACI\u00d3N EN ESTA PROMOCI\u00d3N, INCLUIDOS, ENTRE OTROS, DA\u00d1OS ESPECIALES, INDIRECTOS, INCIDENTALES, PUNITIVOS Y \/ O CONSECUENTES, INCLUSO SI ULINK HA SIDO ADVERTIDO DE LA POSIBILIDAD DE DICHOS DA\u00d1OS. EL ACUERDO DE USUARIO DE ULINK, INCLUIDAS LAS SECCIONES SOBRE LIMITACI\u00d3N DE RESPONSABILIDAD Y RESOLUCI\u00d3N DE DISPUTAS \/ LEY APLICABLE, SE INCORPORAN EXPRESAMENTE EN ESTE DOCUMENTO COMO REFERENCIA.<br \/>\nEN NING\u00daN CASO ULINK SER\u00c1 RESPONSABLE ANTE USTED O CUALQUIER TERCERO POR CUALQUIER DA\u00d1O DE CUALQUIER TIPO QUE SURJA DE SU USO DE LA TARJETA DE RECOMPENSAS. ADEM\u00c1S, TANGO CARD, Y ULINK, NO SON RESPONSABLES DE ADMINISTRAR Y MANTENER SU PROGRAMA DE TARJETAS, INCLUIDOS, ENTRE OTROS, EL CUMPLIMIENTO DE ESE PROGRAMA CON LAS REGULACIONES FEDERALES Y ESTATALES APROPIADAS. <\/p>\n<p>CUALQUIER INTENTO POR PARTE DE UN INDIVIDUO DE DA\u00d1AR DELIBERADAMENTE CUALQUIER SITIO WEB O QUEBRANTAR EL FUNCIONAMIENTO LEG\u00cdTIMO DEL SORTEO ES UNA VIOLACI\u00d3N DE LAS LEYES PENALES Y CIVILES. EN CASO DE QUE SE REALICE TAL INTENTO, EL PATROCINADOR SE RESERVA EL DERECHO DE RECLAMAR DA\u00d1OS Y PERJUICIOS A DICHA PERSONA EN LA M\u00c1XIMA MEDIDA PERMITIDA POR LA LEY.<\/strong> El Patrocinador y sus Agentes no son responsables de (i) anuncios incorrectos de ning\u00fan tipo, (ii) fallas t\u00e9cnicas de hardware o software de ning\u00fan tipo, incluidas las lesiones o da\u00f1os a la computadora \/ hardware de cualquier persona como resultado de participar o experimentar cualquier material en relaci\u00f3n con la promoci\u00f3n, (iii) conexiones de red perdidas o no disponibles,  o (iv) transmisi\u00f3n por computadora fallida, incompleta, confusa o retrasada que pueda limitar la capacidad de un usuario para participar en el Sorteo. El Patrocinador no asume ninguna responsabilidad por los correos electr\u00f3nicos no entregables que resulten de cualquier forma de filtrado de correo electr\u00f3nico activo o pasivo por parte del proveedor de servicios de Internet y \/ o cliente de correo electr\u00f3nico de un usuario o por el espacio insuficiente en la cuenta de correo electr\u00f3nico del usuario para recibir mensajes de correo electr\u00f3nico. El Patrocinador y sus agencias no son responsables de las Inscripciones no recibidas debido a conexiones o errores de comunicaci\u00f3n perdidos, retrasados o interrumpidos, o debido a otros fallos electr\u00f3nicos, retrasos o errores de cualquier tipo en la transmisi\u00f3n o recepci\u00f3n de las Entradas. El Patrocinador no es responsable de la informaci\u00f3n de la entrada incorrecta o inexacta, ya sea causada por cualquier error humano o tecnol\u00f3gico que pueda ocurrir en el procesamiento de las Participaciones en este Sorteo. Cualquier otro intento de entrada no especificado en este documento est\u00e1 prohibido; incluyendo autom\u00e1tico, programado; robotizado o similar. El Patrocinador se reserva el derecho de cancelar o modificar el Sorteo si fraude, mala conducta o fallas t\u00e9cnicas destruyen la integridad del Sorteo o si un virus inform\u00e1tico, error u otro problema t\u00e9cnico corrompe la administraci\u00f3n o la seguridad del Sorteo seg\u00fan lo determine el Patrocinador a su entera discreci\u00f3n. En caso de que surja una disputa con respecto a la persona espec\u00edfica con derecho a recibir un premio, la entrada ser\u00e1 declarada por la persona asignada a la direcci\u00f3n de correo electr\u00f3nico de la entrada seleccionada. En caso de que finalice el Sorteo, se publicar\u00e1 un aviso y todas las entradas elegibles recibidas antes de la terminaci\u00f3n se incluir\u00e1n en un sorteo aleatorio para otorgar los premios. Todas las entradas pasan a ser propiedad del Patrocinador del Sorteo y no ser\u00e1n devueltas. El Patrocinador se reserva el derecho de prohibir la participaci\u00f3n de una persona si se sospecha de fraude o manipulaci\u00f3n o si la persona no cumple con cualquier requisito de participaci\u00f3n como se indica en este documento o con cualquier disposici\u00f3n de estas Reglas Oficiales.<\/p>\n<p><strong>LISTA DE GANADORES Y REGLAS OFICIALES<\/strong> Para el nombre de los Ganadores de los Premios o una copia de las Reglas Oficiales, env\u00ede un sobre sellado con su direcci\u00f3n postal que se recibir\u00e1 a m\u00e1s tardar el 8 de abril de 2022 a: Servicio UniTeller, Inc. 4516 Seton Center Parkway, Suite 125, Austin, TX 78759, Attn: \u00abDepartamento de Mercadotecnia de uLink \u2013 Entrada a Sorteo uLink paga tu env\u00edo\u00bb. Las Reglas Oficiales de esta promoci\u00f3n permanecer\u00e1n publicadas en www.ulinkremit.com hasta el final de la promoci\u00f3n, el 8 de abril de 2022. <\/p>\n<p>** Ninguna empresa que no sea UniTeller Services, Inc., incluyendo entre otras las compa\u00f1\u00edas de tarjetas de regalo ofrecidas, es patrocinadora de esta promoci\u00f3n. Para conocer los t\u00e9rminos y condiciones de cualquiera de las tarjetas de regalo que figuran en el cat\u00e1logo, p\u00f3ngase en contacto con la empresa asociada con la tarjeta de regalo que seleccione.<\/p>\n\t\t\t\t\t\t\t\t<\/div>\n\t\t\t\t<\/div>\n\t\t\t\t\t<\/div>\n\t\t<\/div>\n\t\t\t\t\t<\/div>\n\t\t<\/section>\n\t\t\t\t<\/div>\n\t\t","protected":false},"excerpt":{"rendered":"<p>SORTEO \u2013 uLink paga por tu env\u00edo T\u00e9rminos y condiciones oficiales<\/p>\n","protected":false},"author":1,"featured_media":0,"parent":0,"menu_order":0,"comment_status":"closed","ping_status":"closed","template":"elementor_header_footer","meta":{"om_disable_all_campaigns":false,"_monsterinsights_skip_tracking":false,"_monsterinsights_sitenote_active":false,"_monsterinsights_sitenote_note":"","_monsterinsights_sitenote_category":0,"footnotes":""},"class_list":["post-3539","page","type-page","status-publish"],"aioseo_notices":[],"_links":{"self":[{"href":"https:\/\/ulink.com\/es\/wp-json\/wp\/v2\/pages\/3539","targetHints":{"allow":["GET"]}}],"collection":[{"href":"https:\/\/ulink.com\/es\/wp-json\/wp\/v2\/pages"}],"about":[{"href":"https:\/\/ulink.com\/es\/wp-json\/wp\/v2\/types\/page"}],"author":[{"embeddable":true,"href":"https:\/\/ulink.com\/es\/wp-json\/wp\/v2\/users\/1"}],"replies":[{"embeddable":true,"href":"https:\/\/ulink.com\/es\/wp-json\/wp\/v2\/comments?post=3539"}],"version-history":[{"count":0,"href":"https:\/\/ulink.com\/es\/wp-json\/wp\/v2\/pages\/3539\/revisions"}],"wp:attachment":[{"href":"https:\/\/ulink.com\/es\/wp-json\/wp\/v2\/media?parent=3539"}],"curies":[{"name":"wp","href":"https:\/\/api.w.org\/{rel}","templated":true}]}}