{"id":4745,"date":"2022-12-18T12:04:55","date_gmt":"2022-12-18T18:04:55","guid":{"rendered":"https:\/\/ulink.com\/ulink-refer-a-friend-program-terms-and-conditions-2\/"},"modified":"2022-12-21T09:24:23","modified_gmt":"2022-12-21T15:24:23","slug":"ulink-refer-a-friend-program-terms-and-conditions-2","status":"publish","type":"page","link":"https:\/\/ulink.com\/es\/ulink-refer-a-friend-program-terms-and-conditions-2\/","title":{"rendered":"uLink Refer a friend program terms and conditions"},"content":{"rendered":"\t\t<div data-elementor-type=\"wp-page\" data-elementor-id=\"4745\" class=\"elementor elementor-4745 elementor-4422\" data-elementor-post-type=\"page\">\n\t\t\t\t\t\t<section class=\"elementor-section elementor-top-section elementor-element elementor-element-c1d6af8 elementor-section-boxed elementor-section-height-default elementor-section-height-default\" data-id=\"c1d6af8\" data-element_type=\"section\" data-e-type=\"section\" data-settings=\"{&quot;jet_parallax_layout_list&quot;:[],&quot;background_background&quot;:&quot;classic&quot;}\">\n\t\t\t\t\t\t<div class=\"elementor-container elementor-column-gap-default\">\n\t\t\t\t\t<div class=\"elementor-column elementor-col-100 elementor-top-column elementor-element elementor-element-b2c4e20\" data-id=\"b2c4e20\" data-element_type=\"column\" data-e-type=\"column\">\n\t\t\t<div class=\"elementor-widget-wrap elementor-element-populated\">\n\t\t\t\t\t\t<div class=\"elementor-element elementor-element-189a9ad elementor-widget elementor-widget-heading\" data-id=\"189a9ad\" data-element_type=\"widget\" data-e-type=\"widget\" data-widget_type=\"heading.default\">\n\t\t\t\t<div class=\"elementor-widget-container\">\n\t\t\t\t\t<h2 class=\"elementor-heading-title elementor-size-default\">Programa de Referidos<\/h2>\t\t\t\t<\/div>\n\t\t\t\t<\/div>\n\t\t\t\t<div class=\"elementor-element elementor-element-51383bf elementor-widget elementor-widget-heading\" data-id=\"51383bf\" data-element_type=\"widget\" data-e-type=\"widget\" data-widget_type=\"heading.default\">\n\t\t\t\t<div class=\"elementor-widget-container\">\n\t\t\t\t\t<p class=\"elementor-heading-title elementor-size-default\">T\u00e9rminos y Condiciones<\/p>\t\t\t\t<\/div>\n\t\t\t\t<\/div>\n\t\t\t\t<div class=\"elementor-element elementor-element-e39f435 elementor-widget-divider--view-line elementor-widget elementor-widget-divider\" data-id=\"e39f435\" data-element_type=\"widget\" data-e-type=\"widget\" data-widget_type=\"divider.default\">\n\t\t\t\t<div class=\"elementor-widget-container\">\n\t\t\t\t\t\t\t<div class=\"elementor-divider\">\n\t\t\t<span class=\"elementor-divider-separator\">\n\t\t\t\t\t\t<\/span>\n\t\t<\/div>\n\t\t\t\t\t\t<\/div>\n\t\t\t\t<\/div>\n\t\t\t\t<div class=\"elementor-element elementor-element-893efbe elementor-widget elementor-widget-text-editor\" data-id=\"893efbe\" data-element_type=\"widget\" data-e-type=\"widget\" data-widget_type=\"text-editor.default\">\n\t\t\t\t<div class=\"elementor-widget-container\">\n\t\t\t\t\t\t\t\t\t<div id=\"fws_63a31ad4c0b7f\" class=\"wpb_row vc_row-fluid vc_row top-level standard_section \" data-midnight=\"dark\" data-bg-mobile-hidden=\"\"><div class=\"col span_12 dark left\"><div class=\"vc_col-sm-12 wpb_column column_container vc_column_container col no-extra-padding instance-0\" data-t-w-inherits=\"default\" data-border-radius=\"none\" data-shadow=\"none\" data-border-animation=\"\" data-border-animation-delay=\"\" data-border-width=\"none\" data-border-style=\"solid\" data-border-color=\"\" data-bg-cover=\"\" data-padding-pos=\"all\" data-has-bg-color=\"false\" data-bg-color=\"\" data-bg-opacity=\"1\" data-hover-bg=\"\" data-hover-bg-opacity=\"1\" data-animation=\"\" data-delay=\"0\"><div class=\"vc_column-inner\"><div class=\"wpb_wrapper\"><div class=\"wpb_text_column wpb_content_element \"><div class=\"wpb_wrapper\"><div id=\"fws_63a32032ac1cb\" class=\"wpb_row vc_row-fluid vc_row top-level standard_section \" data-midnight=\"dark\" data-bg-mobile-hidden=\"\"><div class=\"col span_12 dark left\"><div class=\"vc_col-sm-12 wpb_column column_container vc_column_container col no-extra-padding instance-0\" data-t-w-inherits=\"default\" data-border-radius=\"none\" data-shadow=\"none\" data-border-animation=\"\" data-border-animation-delay=\"\" data-border-width=\"none\" data-border-style=\"solid\" data-border-color=\"\" data-bg-cover=\"\" data-padding-pos=\"all\" data-has-bg-color=\"false\" data-bg-color=\"\" data-bg-opacity=\"1\" data-hover-bg=\"\" data-hover-bg-opacity=\"1\" data-animation=\"\" data-delay=\"0\"><div class=\"vc_column-inner\"><div class=\"wpb_wrapper\"><div class=\"wpb_text_column wpb_content_element \"><div class=\"wpb_wrapper\"><p>Los siguientes t\u00e9rminos y condiciones son efectivas a partir del 05\/09\/2018 \u2013 07\/12\/2022 \u00a0y constituyen el acuerdo legal vinculante (el \u201cAcuerdo\u201d) entre Servicio UniTeller, Inc. (\u201cuLink\u201d), y usted (\u201cUsted\u201d o \u201cSuyo\u201d), el participante en el programa \u201cPrograma de Referidos\u201d de uLink (el \u201cPrograma de Referidos\u201d). uLink \u00a0reserva el derecho de hacer cambios a los t\u00e9rminos y condiciones de este Acuerdo en cualquier momento. Su participaci\u00f3n continua en el Programa de Referidos despu\u00e9s de cualquier modificaci\u00f3n y notificaci\u00f3n de la misma constituir\u00e1 su aceptaci\u00f3n de dicha modificaci\u00f3n. La participaci\u00f3n en el Programa de Referidos est\u00e1 sujeta a los t\u00e9rminos de este Acuerdo.<\/p><\/div><\/div><\/div><\/div><\/div><\/div><\/div><div id=\"fws_63a32032ac7ca\" class=\"wpb_row vc_row-fluid vc_row standard_section \" data-midnight=\"dark\" data-bg-mobile-hidden=\"\"><div class=\"col span_12 dark left\"><div class=\"vc_col-sm-12 wpb_column column_container vc_column_container col no-extra-padding instance-1\" data-t-w-inherits=\"default\" data-border-radius=\"none\" data-shadow=\"none\" data-border-animation=\"\" data-border-animation-delay=\"\" data-border-width=\"none\" data-border-style=\"solid\" data-border-color=\"\" data-bg-cover=\"\" data-padding-pos=\"all\" data-has-bg-color=\"false\" data-bg-color=\"\" data-bg-opacity=\"1\" data-hover-bg=\"\" data-hover-bg-opacity=\"1\" data-animation=\"\" data-delay=\"0\"><div class=\"column-bg-overlay\">\u00a0<\/div><div class=\"vc_column-inner\"><div class=\"wpb_wrapper\"><div class=\"wpb_text_column wpb_content_element \"><div class=\"wpb_wrapper\"><ol><li><b>PARTICIPACI\u00d3N EN EL PROGRAMA DE REFERIDOS<\/b><p>Como participante en el Programa de Referidos, usted acepta usar el Servicio de uLink para promover el Programa de Referidos de la manera especificada en estos t\u00e9rminos, actuando as\u00ed como la persona que recomienda (\u201cRecomendante\u201d). Si no est\u00e1 de acuerdo con los t\u00e9rminos y condiciones contenidos en este Acuerdo en su totalidad, no est\u00e1 autorizado para registrarse como Recomendante o para participar en el Programa de Referidos de ninguna manera. Usted acepta que uLink y cualquier otra empresa que est\u00e9 ayudando con el procesamiento del Programa de Referidos, pueden compartir su informaci\u00f3n personal entre ellos como sea necesario para llevar a cabo el Programa de Referidos, y que uLink y estos terceros, podr\u00edan enviarle comunicaciones relativas al Programa de Referidos.\u00a0<\/p><p><b>2. PAGO Y REQUISITOS PARA RECOMENDACIONES V\u00c1LIDAS<\/b><\/p><p>Tanto Recomendante como la Persona que recibe la recomendaci\u00f3n (\u201cRecomendado\u201d) recibir\u00e1n un premio de $20 (\u201cPremio\u201d) por cada Recomendado a uLink que re\u00fana las siguientes condiciones (\u201cRecomendaci\u00f3n V\u00e1lida\u201d):<\/p><\/li><\/ol><ol><li>El Recomendado y el Recomendante no deben vivir en la misma casa;<\/li><li>El Recomendado se registra en el sitio web de ulinkremit.com;<\/li><li>El Recomendado accede al sitio web de ulinkremit.com directamente usando el m\u00e9todo de referencia del Recomendante (por ejemplo, haciendo clic en un enlace) y completa el registro inicial \u00a0(I) sin limpiar las cookies de la computadora del Recomendado, (II) sin cerrar el sitio web de ulinkremit.com para luego regresar al sitio web de ulinkremit.com y (III) sin hacer clic en ning\u00fan otro enlace de ulinkremit.com;<\/li><li>El Recomendado usa el sitio web de ulinkremit.com para transferir $100 o m\u00e1s a una persona diferente del Recomendante, de manera que cumpla con el Acuerdo del Usuario de uLink, el cual se encuentra en: https:\/\/ulinkremit.com\/acuerdo-del-usuario\/?lang=es,<\/li><li>La transacci\u00f3n de env\u00edo de dinero a trav\u00e9s de uLink del Recomendado no es cancelada (ya sea por el Recomendado o por uLink).<\/li><\/ol><p>Los registros y\/o transferencias de dinero posteriores que el Recomendado haga con el sitio web ulinkremit.com, no clasifican como Recomendaciones V\u00e1lidas. Las transferencias de dinero posteriores que el Recomendado haga despu\u00e9s de su primera transferencia exitosa con uLink, no clasifican como Recomendaciones V\u00e1lidas. uLink se reserva el derecho de anular cualquier recomendaci\u00f3n que parezca ser fraudulenta o que parezca haber sido creada como resultado de una transacci\u00f3n fraudulenta a trav\u00e9s de uLink.\u00a0<\/p><p><b>3, RESPONSABILIDAD DE ULINK<\/b><\/p><p>uLink expresamente renuncia a cualquier y toda responsabilidad asociada con, o que surja del uso que usted hace del sitio web de Tango o del Servicio de Tango. La participaci\u00f3n de uLink en la ejecuci\u00f3n y el funcionamiento diario del Programa de Referidos se limita a los pagos a Tango iguales al total ganado por todos los Recomendados por Recomendaciones V\u00e1lidas (\u201cPremios\u201d) en un per\u00edodo determinado. \u00a0 El pago de los Premios a los Recomendantes y a los Recomendados es de la entera y exclusiva responsabilidad de Tango despu\u00e9s de que \u00e9sta haya recibido el pago de uLink.<\/p><p>EN NING\u00daN CASO ULINK SER\u00c1 RESPONSABLE ANTE USTED O CUALQUIER TERCERO POR DA\u00d1OS DE CUALQUIER NATURALEZA QUE PUDIERAN SURGIR DE SU PARTICIPACI\u00d3N EN EL PROGRAMA DE REFERIDOS, INCLUIDOS PERO NO LIMITADOS A DA\u00d1OS ESPECIALES, INDIRECTOS, FORTUITOS, PUNITIVOS Y\/O EMERGENTES, AUNQUE ULINK HUBIERA SIDO ADVERTIDO DE LA POSIBILIDAD DE TALES DA\u00d1OS. LA RESPONSABILIDAD TOTAL M\u00c1XIMA DE ULINK CON EL RECOMENDANTE Y CON CUALQUIER TERCERO BAJO CUALQUIERA Y TODA CIRCUNSTANCIA SER\u00c1 EL VALOR ACTUAL EN D\u00d3LARES DE UN (1) PREMIO. EL RECOMENDANTE RECONOCE Y ACEPTA QUE ESTA LIMITACI\u00d3N DE DA\u00d1OS ES JUSTA Y RAZONABLE.<\/p><p>TODAS LAS GARANT\u00cdAS, EXPRESAS O IMPL\u00cdCITAS, SON RECHAZADAS (INCLUYENDO, SIN LIMITACIONES, LA RENUNCIA DE LAS GARANT\u00cdAS DE COMERCIALIZACI\u00d3N, NO INFRACCI\u00d3N DE PROPIEDAD INTELECTUAL Y\/O DE IDONEIDAD PARA UN PROP\u00d3SITO PARTICULAR). ULINK NO DA NINGUNA MANIFESTACI\u00d3N NI GARANT\u00cdA CON RESPECTO A RESULTADOS OBTENIBLES A TRAV\u00c9S DEL PROGRAMA DE REFERIDOS.<\/p><p><b>5. DISTRIBUCI\u00d3N MASIVA<\/b><\/p><p>Si un Cliente Recomendante proporciona un link personal a otra persona por correo electr\u00f3nico, el correo electr\u00f3nico debe ser creado y distribuido de una manera personal que sea adecuada y habitual para la comunicaci\u00f3n con familiares, amigos o personas con quienes el Cliente Recomendante haya tenido relaci\u00f3n previa. La distribuci\u00f3n de correo electr\u00f3nico masivo, la distribuci\u00f3n a desconocidos o cualquier otra promoci\u00f3n de un link personal de una manera que constituya o parezca constituir un correo electr\u00f3nico comercial no solicitado o \u201cspam\u201d en virtud de cualquier ley o reglamentaci\u00f3n pertinente o cualquier distribuci\u00f3n de un link personal a trav\u00e9s de canales que no sean correo electr\u00f3nico, Twitter o Facebook est\u00e1 expresamente prohibido y ser\u00e1 motivo para la cancelaci\u00f3n inmediata de la cuenta del Cliente Recomendante y la desactivaci\u00f3n del link personal.\u00a0<\/p><p><b>6. OTROS T\u00c9RMINOS Y CONDICIONES<\/b><\/p><p>uLink se reserva el derecho de modificar o terminar el Programa de Referidos en cualquier momento sin previo aviso. uLink expresamente se reserva el derecho de cerrar la(s) cuenta(s) de cualquier Cliente Recomendante y\/o amigo, y de solicitar el pago correspondiente si Recomendante y\/o el amigo intentara usar el Programa de Referidos de una manera cuestionable o de usar el link personal en contravenci\u00f3n de estos T\u00e9rminos y Condiciones o en violaci\u00f3n de cualquier ley, estatuto o reglamentaci\u00f3n gubernamental.<\/p><p>Los usuarios no pueden participar en el Programa de Referidos donde est\u00e9 prohibido por cualquier ley, estatuto o reglamentaci\u00f3n pertinentes. Toda la informaci\u00f3n reunida de un usuario en el Programa de Referidos estar\u00e1 sujeta a la\u00a0<a href=\"https:\/\/ulink.com\/politica-de-privacidad\/?lang=es\">Pol\u00edtica de Privacidad de uLink<\/a>.<\/p><p>En caso de que exista alguna discrepancia entre el Ingl\u00e9s y Espa\u00f1ol, el texto en Ingl\u00e9s ser\u00e1 obligatorio.<\/p><\/div><\/div><\/div><\/div><\/div><\/div><\/div><\/div><\/div><\/div><\/div><\/div><\/div><\/div>\t\t\t\t\t\t\t\t<\/div>\n\t\t\t\t<\/div>\n\t\t\t\t\t<\/div>\n\t\t<\/div>\n\t\t\t\t\t<\/div>\n\t\t<\/section>\n\t\t\t\t<\/div>\n\t\t","protected":false},"excerpt":{"rendered":"<p>Programa de Referidos T\u00e9rminos y Condiciones Los siguientes t\u00e9rminos y condiciones son efectivas a partir del 05\/09\/2018 \u2013 07\/12\/2022 \u00a0y constituyen el acuerdo legal vinculante (el \u201cAcuerdo\u201d) entre Servicio UniTeller,&#8230;<\/p>\n","protected":false},"author":1,"featured_media":0,"parent":0,"menu_order":0,"comment_status":"closed","ping_status":"closed","template":"elementor_header_footer","meta":{"om_disable_all_campaigns":false,"_monsterinsights_skip_tracking":false,"_monsterinsights_sitenote_active":false,"_monsterinsights_sitenote_note":"","_monsterinsights_sitenote_category":0,"footnotes":""},"class_list":["post-4745","page","type-page","status-publish"],"aioseo_notices":[],"_links":{"self":[{"href":"https:\/\/ulink.com\/es\/wp-json\/wp\/v2\/pages\/4745","targetHints":{"allow":["GET"]}}],"collection":[{"href":"https:\/\/ulink.com\/es\/wp-json\/wp\/v2\/pages"}],"about":[{"href":"https:\/\/ulink.com\/es\/wp-json\/wp\/v2\/types\/page"}],"author":[{"embeddable":true,"href":"https:\/\/ulink.com\/es\/wp-json\/wp\/v2\/users\/1"}],"replies":[{"embeddable":true,"href":"https:\/\/ulink.com\/es\/wp-json\/wp\/v2\/comments?post=4745"}],"version-history":[{"count":0,"href":"https:\/\/ulink.com\/es\/wp-json\/wp\/v2\/pages\/4745\/revisions"}],"wp:attachment":[{"href":"https:\/\/ulink.com\/es\/wp-json\/wp\/v2\/media?parent=4745"}],"curies":[{"name":"wp","href":"https:\/\/api.w.org\/{rel}","templated":true}]}}